{"id":42,"date":"2021-05-27T09:53:58","date_gmt":"2021-05-27T14:53:58","guid":{"rendered":"https:\/\/mexicanadeaditivos.com.mx\/index1.php\/?page_id=42"},"modified":"2021-07-22T10:49:58","modified_gmt":"2021-07-22T15:49:58","slug":"panificacion","status":"publish","type":"page","link":"https:\/\/www.mexicanadeaditivos.com.mx\/index.php\/panificacion\/","title":{"rendered":"Panificaci\u00f3n"},"content":{"rendered":"\t\t<div data-elementor-type=\"wp-page\" data-elementor-id=\"42\" class=\"elementor elementor-42\" data-elementor-settings=\"[]\">\n\t\t\t\t\t\t\t<div class=\"elementor-section-wrap\">\n\t\t\t\t\t\t\t<section class=\"elementor-section elementor-top-section elementor-element elementor-element-dfa23e4 elementor-section-height-min-height elementor-section-content-middle elementor-section-full_width elementor-section-stretched elementor-section-height-default elementor-section-items-middle\" data-id=\"dfa23e4\" data-element_type=\"section\" data-settings=\"{&quot;background_background&quot;:&quot;slideshow&quot;,&quot;stretch_section&quot;:&quot;section-stretched&quot;,&quot;background_slideshow_gallery&quot;:[{&quot;id&quot;:354,&quot;url&quot;:&quot;https:\\\/\\\/www.mexicanadeaditivos.com.mx\\\/wp-content\\\/uploads\\\/2021\\\/07\\\/StockSnap_GOCG3MINQW-1.jpg&quot;}],&quot;background_slideshow_loop&quot;:&quot;yes&quot;,&quot;background_slideshow_slide_duration&quot;:5000,&quot;background_slideshow_slide_transition&quot;:&quot;fade&quot;,&quot;background_slideshow_transition_duration&quot;:500}\">\n\t\t\t\t\t\t\t<div class=\"elementor-background-overlay\"><\/div>\n\t\t\t\t\t\t\t<div class=\"elementor-container elementor-column-gap-default\">\n\t\t\t\t\t<div class=\"elementor-column elementor-col-50 elementor-top-column elementor-element elementor-element-5cc52d7\" data-id=\"5cc52d7\" data-element_type=\"column\">\n\t\t\t<div class=\"elementor-widget-wrap elementor-element-populated\">\n\t\t\t\t\t\t\t\t<div class=\"elementor-element elementor-element-abd8e85 elementor-widget elementor-widget-heading\" data-id=\"abd8e85\" data-element_type=\"widget\" data-widget_type=\"heading.default\">\n\t\t\t\t<div class=\"elementor-widget-container\">\n\t\t\t<h3 class=\"elementor-heading-title elementor-size-default\">Sabores <\/h3>\t\t<\/div>\n\t\t\t\t<\/div>\n\t\t\t\t<div class=\"elementor-element elementor-element-97822d3 elementor-widget elementor-widget-heading\" data-id=\"97822d3\" data-element_type=\"widget\" data-widget_type=\"heading.default\">\n\t\t\t\t<div class=\"elementor-widget-container\">\n\t\t\t<h3 class=\"elementor-heading-title elementor-size-default\">Panificaci\u00f3n<\/h3>\t\t<\/div>\n\t\t\t\t<\/div>\n\t\t\t\t<div class=\"elementor-element elementor-element-dd50333 elementor-widget elementor-widget-heading\" data-id=\"dd50333\" data-element_type=\"widget\" data-widget_type=\"heading.default\">\n\t\t\t\t<div class=\"elementor-widget-container\">\n\t\t\t<p class=\"elementor-heading-title elementor-size-default\">Bakery<\/p>\t\t<\/div>\n\t\t\t\t<\/div>\n\t\t\t\t\t<\/div>\n\t\t<\/div>\n\t\t\t\t<div class=\"elementor-column elementor-col-50 elementor-top-column elementor-element elementor-element-e6d46bd\" data-id=\"e6d46bd\" data-element_type=\"column\">\n\t\t\t<div class=\"elementor-widget-wrap elementor-element-populated\">\n\t\t\t\t\t\t\t\t\t<\/div>\n\t\t<\/div>\n\t\t\t\t\t\t\t<\/div>\n\t\t<\/section>\n\t\t\t\t<section class=\"elementor-section elementor-top-section elementor-element elementor-element-52a6e402 elementor-section-height-min-height elementor-section-full_width elementor-section-stretched elementor-section-height-default elementor-section-items-middle\" data-id=\"52a6e402\" data-element_type=\"section\" data-settings=\"{&quot;background_background&quot;:&quot;classic&quot;,&quot;stretch_section&quot;:&quot;section-stretched&quot;}\">\n\t\t\t\t\t\t<div class=\"elementor-container elementor-column-gap-default\">\n\t\t\t\t\t<div class=\"elementor-column elementor-col-50 elementor-top-column elementor-element elementor-element-b139dbc\" data-id=\"b139dbc\" data-element_type=\"column\" data-settings=\"{&quot;background_background&quot;:&quot;classic&quot;}\">\n\t\t\t<div class=\"elementor-widget-wrap elementor-element-populated\">\n\t\t\t\t\t\t\t\t\t<\/div>\n\t\t<\/div>\n\t\t\t\t<div class=\"elementor-column elementor-col-50 elementor-top-column elementor-element elementor-element-2514c8f8\" data-id=\"2514c8f8\" data-element_type=\"column\" data-settings=\"{&quot;background_background&quot;:&quot;classic&quot;}\">\n\t\t\t<div class=\"elementor-widget-wrap elementor-element-populated\">\n\t\t\t\t\t\t\t\t<div class=\"elementor-element elementor-element-23aef640 elementor-widget elementor-widget-heading\" data-id=\"23aef640\" data-element_type=\"widget\" data-widget_type=\"heading.default\">\n\t\t\t\t<div class=\"elementor-widget-container\">\n\t\t\t<p class=\"elementor-heading-title elementor-size-default\">Sin duda, una de las caracter\u00edsticas m\u00e1s importantes dentro de la panificaci\u00f3n es el olor, es por eso que creamos sabores arom\u00e1ticos y termorresistentes, que se adecuan a los requerimientos espec\u00edficos de esta industria.<\/p>\t\t<\/div>\n\t\t\t\t<\/div>\n\t\t\t\t\t<\/div>\n\t\t<\/div>\n\t\t\t\t\t\t\t<\/div>\n\t\t<\/section>\n\t\t\t\t<section class=\"elementor-section elementor-top-section elementor-element elementor-element-59d2ea06 elementor-section-content-middle elementor-section-full_width elementor-section-stretched elementor-section-height-default elementor-section-height-default\" data-id=\"59d2ea06\" data-element_type=\"section\" data-settings=\"{&quot;stretch_section&quot;:&quot;section-stretched&quot;}\">\n\t\t\t\t\t\t<div class=\"elementor-container elementor-column-gap-no\">\n\t\t\t\t\t<div class=\"elementor-column elementor-col-100 elementor-top-column elementor-element elementor-element-41f9aa1c\" data-id=\"41f9aa1c\" data-element_type=\"column\">\n\t\t\t<div class=\"elementor-widget-wrap elementor-element-populated\">\n\t\t\t\t\t\t\t\t<div class=\"elementor-element elementor-element-38938f33 elementor-widget elementor-widget-heading\" data-id=\"38938f33\" data-element_type=\"widget\" data-widget_type=\"heading.default\">\n\t\t\t\t<div class=\"elementor-widget-container\">\n\t\t\t<h4 class=\"elementor-heading-title elementor-size-default\">Contamos con sabores para las siguientes aplicaciones<\/h4>\t\t<\/div>\n\t\t\t\t<\/div>\n\t\t\t\t\t<\/div>\n\t\t<\/div>\n\t\t\t\t\t\t\t<\/div>\n\t\t<\/section>\n\t\t\t\t<section class=\"elementor-section elementor-top-section elementor-element elementor-element-1ef2d046 elementor-section-full_width elementor-section-stretched elementor-section-height-default elementor-section-height-default\" data-id=\"1ef2d046\" data-element_type=\"section\" data-settings=\"{&quot;stretch_section&quot;:&quot;section-stretched&quot;}\">\n\t\t\t\t\t\t<div class=\"elementor-container elementor-column-gap-default\">\n\t\t\t\t\t<div class=\"elementor-column elementor-col-100 elementor-top-column elementor-element elementor-element-7feed746\" data-id=\"7feed746\" data-element_type=\"column\" data-settings=\"{&quot;background_background&quot;:&quot;classic&quot;}\">\n\t\t\t<div class=\"elementor-widget-wrap elementor-element-populated\">\n\t\t\t\t\t\t\t\t<div class=\"elementor-element elementor-element-14479876 elementor-widget-divider--view-line elementor-widget elementor-widget-divider\" data-id=\"14479876\" data-element_type=\"widget\" data-widget_type=\"divider.default\">\n\t\t\t\t<div class=\"elementor-widget-container\">\n\t\t\t\t\t<div class=\"elementor-divider\">\n\t\t\t<span class=\"elementor-divider-separator\">\n\t\t\t\t\t\t<\/span>\n\t\t<\/div>\n\t\t\t\t<\/div>\n\t\t\t\t<\/div>\n\t\t\t\t<div class=\"elementor-element elementor-element-39294f31 elementor-widget elementor-widget-heading\" data-id=\"39294f31\" data-element_type=\"widget\" data-widget_type=\"heading.default\">\n\t\t\t\t<div class=\"elementor-widget-container\">\n\t\t\t<p class=\"elementor-heading-title elementor-size-default\">*Harinas Preparadas<\/p>\t\t<\/div>\n\t\t\t\t<\/div>\n\t\t\t\t<div class=\"elementor-element elementor-element-6cd106e9 elementor-widget elementor-widget-heading\" data-id=\"6cd106e9\" data-element_type=\"widget\" data-widget_type=\"heading.default\">\n\t\t\t\t<div class=\"elementor-widget-container\">\n\t\t\t<p class=\"elementor-heading-title elementor-size-default\">*Pasteles<\/p>\t\t<\/div>\n\t\t\t\t<\/div>\n\t\t\t\t<div class=\"elementor-element elementor-element-4c16806e elementor-widget elementor-widget-heading\" data-id=\"4c16806e\" data-element_type=\"widget\" data-widget_type=\"heading.default\">\n\t\t\t\t<div class=\"elementor-widget-container\">\n\t\t\t<p class=\"elementor-heading-title elementor-size-default\">*Panes<\/p>\t\t<\/div>\n\t\t\t\t<\/div>\n\t\t\t\t<div class=\"elementor-element elementor-element-64f2821 elementor-widget elementor-widget-heading\" data-id=\"64f2821\" data-element_type=\"widget\" data-widget_type=\"heading.default\">\n\t\t\t\t<div class=\"elementor-widget-container\">\n\t\t\t<p class=\"elementor-heading-title elementor-size-default\">*Rellenos<\/p>\t\t<\/div>\n\t\t\t\t<\/div>\n\t\t\t\t<div class=\"elementor-element elementor-element-a9f3280 elementor-widget elementor-widget-heading\" data-id=\"a9f3280\" data-element_type=\"widget\" data-widget_type=\"heading.default\">\n\t\t\t\t<div class=\"elementor-widget-container\">\n\t\t\t<p class=\"elementor-heading-title elementor-size-default\">*Coberturas<\/p>\t\t<\/div>\n\t\t\t\t<\/div>\n\t\t\t\t\t<\/div>\n\t\t<\/div>\n\t\t\t\t\t\t\t<\/div>\n\t\t<\/section>\n\t\t\t\t<section class=\"elementor-section elementor-top-section elementor-element elementor-element-11c545f elementor-section-full_width elementor-section-stretched elementor-section-height-default elementor-section-height-default\" data-id=\"11c545f\" data-element_type=\"section\" data-settings=\"{&quot;stretch_section&quot;:&quot;section-stretched&quot;}\">\n\t\t\t\t\t\t<div class=\"elementor-container elementor-column-gap-default\">\n\t\t\t\t\t<div class=\"elementor-column elementor-col-100 elementor-top-column elementor-element elementor-element-59b8218\" data-id=\"59b8218\" data-element_type=\"column\">\n\t\t\t<div class=\"elementor-widget-wrap elementor-element-populated\">\n\t\t\t\t\t\t\t\t<section class=\"elementor-section elementor-inner-section elementor-element elementor-element-afbd0ff elementor-section-height-min-height elementor-section-full_width elementor-section-height-default\" data-id=\"afbd0ff\" data-element_type=\"section\">\n\t\t\t\t\t\t<div class=\"elementor-container elementor-column-gap-default\">\n\t\t\t\t\t<div class=\"elementor-column elementor-col-50 elementor-inner-column elementor-element elementor-element-b6d4442\" data-id=\"b6d4442\" data-element_type=\"column\">\n\t\t\t<div class=\"elementor-widget-wrap elementor-element-populated\">\n\t\t\t\t\t\t\t\t<div class=\"elementor-element elementor-element-458e00b elementor-widget elementor-widget-image\" data-id=\"458e00b\" data-element_type=\"widget\" data-widget_type=\"image.default\">\n\t\t\t\t<div class=\"elementor-widget-container\">\n\t\t\t\t\t\t\t\t\t\t\t\t\t\t\t\t<a href=\"https:\/\/www.mexicanadeaditivos.com.mx\">\n\t\t\t\t\t\t\t<img loading=\"lazy\" decoding=\"async\" width=\"2714\" height=\"511\" src=\"https:\/\/i0.wp.com\/www.mexicanadeaditivos.com.mx\/wp-content\/uploads\/2021\/05\/logo-MAA-recorte.png?fit=2714%2C511&amp;ssl=1\" class=\"attachment-full size-full\" alt=\"\" srcset=\"https:\/\/i0.wp.com\/www.mexicanadeaditivos.com.mx\/wp-content\/uploads\/2021\/05\/logo-MAA-recorte.png?w=2714&amp;ssl=1 2714w, https:\/\/i0.wp.com\/www.mexicanadeaditivos.com.mx\/wp-content\/uploads\/2021\/05\/logo-MAA-recorte.png?resize=300%2C56&amp;ssl=1 300w, https:\/\/i0.wp.com\/www.mexicanadeaditivos.com.mx\/wp-content\/uploads\/2021\/05\/logo-MAA-recorte.png?resize=1024%2C193&amp;ssl=1 1024w, https:\/\/i0.wp.com\/www.mexicanadeaditivos.com.mx\/wp-content\/uploads\/2021\/05\/logo-MAA-recorte.png?resize=768%2C145&amp;ssl=1 768w, https:\/\/i0.wp.com\/www.mexicanadeaditivos.com.mx\/wp-content\/uploads\/2021\/05\/logo-MAA-recorte.png?resize=1536%2C289&amp;ssl=1 1536w, https:\/\/i0.wp.com\/www.mexicanadeaditivos.com.mx\/wp-content\/uploads\/2021\/05\/logo-MAA-recorte.png?resize=2048%2C386&amp;ssl=1 2048w, https:\/\/i0.wp.com\/www.mexicanadeaditivos.com.mx\/wp-content\/uploads\/2021\/05\/logo-MAA-recorte.png?w=2340&amp;ssl=1 2340w\" sizes=\"auto, (max-width: 1170px) 100vw, 1170px\" \/>\t\t\t\t\t\t\t\t<\/a>\n\t\t\t\t\t\t\t\t\t\t\t\t\t\t\t<\/div>\n\t\t\t\t<\/div>\n\t\t\t\t<div class=\"elementor-element elementor-element-2df259b elementor-icon-list--layout-inline elementor-align-left elementor-tablet-align-center elementor-list-item-link-full_width elementor-widget elementor-widget-icon-list\" data-id=\"2df259b\" data-element_type=\"widget\" data-widget_type=\"icon-list.default\">\n\t\t\t\t<div class=\"elementor-widget-container\">\n\t\t\t\t\t<ul class=\"elementor-icon-list-items elementor-inline-items\">\n\t\t\t\t\t\t\t<li class=\"elementor-icon-list-item elementor-inline-item\">\n\t\t\t\t\t\t\t\t\t\t\t<a href=\"https:\/\/www.facebook.com\/maasaoficial\/\" target=\"_blank\">\n\n\t\t\t\t\t\t\t\t\t\t\t\t<span class=\"elementor-icon-list-icon\">\n\t\t\t\t\t\t\t<i aria-hidden=\"true\" class=\"fab fa-facebook-f\"><\/i>\t\t\t\t\t\t<\/span>\n\t\t\t\t\t\t\t\t\t\t<span class=\"elementor-icon-list-text\"><\/span>\n\t\t\t\t\t\t\t\t\t\t\t<\/a>\n\t\t\t\t\t\t\t\t\t<\/li>\n\t\t\t\t\t\t\t\t<li class=\"elementor-icon-list-item elementor-inline-item\">\n\t\t\t\t\t\t\t\t\t\t\t<a href=\"https:\/\/www.linkedin.com\/company\/mexicana-de-aditivos-alimenticios-s-a-de-c-v-\/?viewAsMember=true\" target=\"_blank\">\n\n\t\t\t\t\t\t\t\t\t\t\t\t<span class=\"elementor-icon-list-icon\">\n\t\t\t\t\t\t\t<i aria-hidden=\"true\" class=\"fab fa-linkedin-in\"><\/i>\t\t\t\t\t\t<\/span>\n\t\t\t\t\t\t\t\t\t\t<span class=\"elementor-icon-list-text\"><\/span>\n\t\t\t\t\t\t\t\t\t\t\t<\/a>\n\t\t\t\t\t\t\t\t\t<\/li>\n\t\t\t\t\t\t<\/ul>\n\t\t\t\t<\/div>\n\t\t\t\t<\/div>\n\t\t\t\t\t<\/div>\n\t\t<\/div>\n\t\t\t\t<div class=\"elementor-column elementor-col-50 elementor-inner-column elementor-element elementor-element-e2ac891\" data-id=\"e2ac891\" data-element_type=\"column\">\n\t\t\t<div class=\"elementor-widget-wrap elementor-element-populated\">\n\t\t\t\t\t\t\t\t<div class=\"elementor-element elementor-element-7fefe96 elementor-widget elementor-widget-text-editor\" data-id=\"7fefe96\" data-element_type=\"widget\" data-widget_type=\"text-editor.default\">\n\t\t\t\t<div class=\"elementor-widget-container\">\n\t\t\t\t\t\t\t<p>\u00a0<\/p><p><span style=\"color: #9aa8ba;\"><strong>Tel:<\/strong><\/span>(55) 5577 3391 \/ (55) 5781 4574<\/p><p><span style=\"color: #9aa8ba;\"><strong>Email: <\/strong><a href=\"mailto:ventas@mexicanadeaditivos.com.mx\">ventas@mexicanadeaditivos.com.mx<\/a><\/span><\/p>\t\t\t\t\t\t<\/div>\n\t\t\t\t<\/div>\n\t\t\t\t<div class=\"elementor-element elementor-element-06f4db3 elementor-widget elementor-widget-text-editor\" data-id=\"06f4db3\" data-element_type=\"widget\" data-widget_type=\"text-editor.default\">\n\t\t\t\t<div class=\"elementor-widget-container\">\n\t\t\t\t\t\t\t\t\t\t\t\t\t<\/div>\n\t\t\t\t<\/div>\n\t\t\t\t\t<\/div>\n\t\t<\/div>\n\t\t\t\t\t\t\t<\/div>\n\t\t<\/section>\n\t\t\t\t\t<\/div>\n\t\t<\/div>\n\t\t\t\t\t\t\t<\/div>\n\t\t<\/section>\n\t\t\t\t\t\t<\/div>\n\t\t\t\t\t<\/div>\n\t\t","protected":false},"excerpt":{"rendered":"<p>Sabores Panificaci\u00f3n Bakery Sin duda, una de las caracter\u00edsticas m\u00e1s importantes dentro de la panificaci\u00f3n es el olor, es por eso que creamos sabores arom\u00e1ticos y termorresistentes, que se adecuan&hellip;<\/p>\n","protected":false},"author":1,"featured_media":0,"parent":0,"menu_order":0,"comment_status":"closed","ping_status":"closed","template":"","meta":{"spay_email":"","footnotes":""},"class_list":["post-42","page","type-page","status-publish","hentry"],"yoast_head":"<!-- This site is optimized with the Yoast SEO plugin v18.3 - https:\/\/yoast.com\/wordpress\/plugins\/seo\/ -->\n<title>Panificaci\u00f3n -<\/title>\n<meta name=\"robots\" content=\"index, follow, max-snippet:-1, max-image-preview:large, max-video-preview:-1\" \/>\n<link rel=\"canonical\" href=\"https:\/\/www.mexicanadeaditivos.com.mx\/index.php\/panificacion\/\" \/>\n<meta property=\"og:locale\" content=\"es_ES\" \/>\n<meta property=\"og:type\" content=\"article\" \/>\n<meta property=\"og:title\" content=\"Panificaci\u00f3n -\" \/>\n<meta property=\"og:description\" content=\"Sabores Panificaci\u00f3n Bakery Sin duda, una de las caracter\u00edsticas m\u00e1s importantes dentro de la panificaci\u00f3n es el olor, es por eso que creamos sabores arom\u00e1ticos y termorresistentes, que se adecuan&hellip;\" \/>\n<meta property=\"og:url\" content=\"https:\/\/www.mexicanadeaditivos.com.mx\/index.php\/panificacion\/\" \/>\n<meta property=\"article:modified_time\" content=\"2021-07-22T15:49:58+00:00\" \/>\n<meta property=\"og:image\" content=\"https:\/\/www.mexicanadeaditivos.com.mx\/wp-content\/uploads\/2021\/05\/logo-MAA-recorte.png\" \/>\n<meta name=\"twitter:card\" content=\"summary_large_image\" \/>\n<meta name=\"twitter:label1\" content=\"Tiempo de lectura\" \/>\n\t<meta name=\"twitter:data1\" content=\"1 minuto\" \/>\n<script type=\"application\/ld+json\" class=\"yoast-schema-graph\">{\"@context\":\"https:\/\/schema.org\",\"@graph\":[{\"@type\":\"Organization\",\"@id\":\"https:\/\/www.mexicanadeaditivos.com.mx\/#organization\",\"name\":\"Mexicana de Aditivos\",\"url\":\"https:\/\/www.mexicanadeaditivos.com.mx\/\",\"sameAs\":[],\"logo\":{\"@type\":\"ImageObject\",\"@id\":\"https:\/\/www.mexicanadeaditivos.com.mx\/#logo\",\"inLanguage\":\"es\",\"url\":\"https:\/\/i0.wp.com\/mexicanadeaditivos.com.mx\/wp-content\/uploads\/2021\/05\/logo-MAA-recorte.png?fit=2714%2C511&ssl=1\",\"contentUrl\":\"https:\/\/i0.wp.com\/mexicanadeaditivos.com.mx\/wp-content\/uploads\/2021\/05\/logo-MAA-recorte.png?fit=2714%2C511&ssl=1\",\"width\":2714,\"height\":511,\"caption\":\"Mexicana de Aditivos\"},\"image\":{\"@id\":\"https:\/\/www.mexicanadeaditivos.com.mx\/#logo\"}},{\"@type\":\"WebSite\",\"@id\":\"https:\/\/www.mexicanadeaditivos.com.mx\/#website\",\"url\":\"https:\/\/www.mexicanadeaditivos.com.mx\/\",\"name\":\"\",\"description\":\"\",\"publisher\":{\"@id\":\"https:\/\/www.mexicanadeaditivos.com.mx\/#organization\"},\"potentialAction\":[{\"@type\":\"SearchAction\",\"target\":{\"@type\":\"EntryPoint\",\"urlTemplate\":\"https:\/\/www.mexicanadeaditivos.com.mx\/?s={search_term_string}\"},\"query-input\":\"required name=search_term_string\"}],\"inLanguage\":\"es\"},{\"@type\":\"ImageObject\",\"@id\":\"https:\/\/www.mexicanadeaditivos.com.mx\/index.php\/panificacion\/#primaryimage\",\"inLanguage\":\"es\",\"url\":\"https:\/\/i0.wp.com\/www.mexicanadeaditivos.com.mx\/wp-content\/uploads\/2021\/05\/logo-MAA-recorte.png?fit=2714%2C511&ssl=1\",\"contentUrl\":\"https:\/\/i0.wp.com\/www.mexicanadeaditivos.com.mx\/wp-content\/uploads\/2021\/05\/logo-MAA-recorte.png?fit=2714%2C511&ssl=1\",\"width\":2714,\"height\":511},{\"@type\":\"WebPage\",\"@id\":\"https:\/\/www.mexicanadeaditivos.com.mx\/index.php\/panificacion\/#webpage\",\"url\":\"https:\/\/www.mexicanadeaditivos.com.mx\/index.php\/panificacion\/\",\"name\":\"Panificaci\u00f3n -\",\"isPartOf\":{\"@id\":\"https:\/\/www.mexicanadeaditivos.com.mx\/#website\"},\"primaryImageOfPage\":{\"@id\":\"https:\/\/www.mexicanadeaditivos.com.mx\/index.php\/panificacion\/#primaryimage\"},\"datePublished\":\"2021-05-27T14:53:58+00:00\",\"dateModified\":\"2021-07-22T15:49:58+00:00\",\"breadcrumb\":{\"@id\":\"https:\/\/www.mexicanadeaditivos.com.mx\/index.php\/panificacion\/#breadcrumb\"},\"inLanguage\":\"es\",\"potentialAction\":[{\"@type\":\"ReadAction\",\"target\":[\"https:\/\/www.mexicanadeaditivos.com.mx\/index.php\/panificacion\/\"]}]},{\"@type\":\"BreadcrumbList\",\"@id\":\"https:\/\/www.mexicanadeaditivos.com.mx\/index.php\/panificacion\/#breadcrumb\",\"itemListElement\":[{\"@type\":\"ListItem\",\"position\":1,\"name\":\"Portada\",\"item\":\"https:\/\/www.mexicanadeaditivos.com.mx\/\"},{\"@type\":\"ListItem\",\"position\":2,\"name\":\"Panificaci\u00f3n\"}]}]}<\/script>\n<!-- \/ Yoast SEO plugin. -->","yoast_head_json":{"title":"Panificaci\u00f3n -","robots":{"index":"index","follow":"follow","max-snippet":"max-snippet:-1","max-image-preview":"max-image-preview:large","max-video-preview":"max-video-preview:-1"},"canonical":"https:\/\/www.mexicanadeaditivos.com.mx\/index.php\/panificacion\/","og_locale":"es_ES","og_type":"article","og_title":"Panificaci\u00f3n -","og_description":"Sabores Panificaci\u00f3n Bakery Sin duda, una de las caracter\u00edsticas m\u00e1s importantes dentro de la panificaci\u00f3n es el olor, es por eso que creamos sabores arom\u00e1ticos y termorresistentes, que se adecuan&hellip;","og_url":"https:\/\/www.mexicanadeaditivos.com.mx\/index.php\/panificacion\/","article_modified_time":"2021-07-22T15:49:58+00:00","og_image":[{"url":"https:\/\/www.mexicanadeaditivos.com.mx\/wp-content\/uploads\/2021\/05\/logo-MAA-recorte.png"}],"twitter_card":"summary_large_image","twitter_misc":{"Tiempo de lectura":"1 minuto"},"schema":{"@context":"https:\/\/schema.org","@graph":[{"@type":"Organization","@id":"https:\/\/www.mexicanadeaditivos.com.mx\/#organization","name":"Mexicana de Aditivos","url":"https:\/\/www.mexicanadeaditivos.com.mx\/","sameAs":[],"logo":{"@type":"ImageObject","@id":"https:\/\/www.mexicanadeaditivos.com.mx\/#logo","inLanguage":"es","url":"https:\/\/i0.wp.com\/mexicanadeaditivos.com.mx\/wp-content\/uploads\/2021\/05\/logo-MAA-recorte.png?fit=2714%2C511&ssl=1","contentUrl":"https:\/\/i0.wp.com\/mexicanadeaditivos.com.mx\/wp-content\/uploads\/2021\/05\/logo-MAA-recorte.png?fit=2714%2C511&ssl=1","width":2714,"height":511,"caption":"Mexicana de Aditivos"},"image":{"@id":"https:\/\/www.mexicanadeaditivos.com.mx\/#logo"}},{"@type":"WebSite","@id":"https:\/\/www.mexicanadeaditivos.com.mx\/#website","url":"https:\/\/www.mexicanadeaditivos.com.mx\/","name":"","description":"","publisher":{"@id":"https:\/\/www.mexicanadeaditivos.com.mx\/#organization"},"potentialAction":[{"@type":"SearchAction","target":{"@type":"EntryPoint","urlTemplate":"https:\/\/www.mexicanadeaditivos.com.mx\/?s={search_term_string}"},"query-input":"required name=search_term_string"}],"inLanguage":"es"},{"@type":"ImageObject","@id":"https:\/\/www.mexicanadeaditivos.com.mx\/index.php\/panificacion\/#primaryimage","inLanguage":"es","url":"https:\/\/i0.wp.com\/www.mexicanadeaditivos.com.mx\/wp-content\/uploads\/2021\/05\/logo-MAA-recorte.png?fit=2714%2C511&ssl=1","contentUrl":"https:\/\/i0.wp.com\/www.mexicanadeaditivos.com.mx\/wp-content\/uploads\/2021\/05\/logo-MAA-recorte.png?fit=2714%2C511&ssl=1","width":2714,"height":511},{"@type":"WebPage","@id":"https:\/\/www.mexicanadeaditivos.com.mx\/index.php\/panificacion\/#webpage","url":"https:\/\/www.mexicanadeaditivos.com.mx\/index.php\/panificacion\/","name":"Panificaci\u00f3n -","isPartOf":{"@id":"https:\/\/www.mexicanadeaditivos.com.mx\/#website"},"primaryImageOfPage":{"@id":"https:\/\/www.mexicanadeaditivos.com.mx\/index.php\/panificacion\/#primaryimage"},"datePublished":"2021-05-27T14:53:58+00:00","dateModified":"2021-07-22T15:49:58+00:00","breadcrumb":{"@id":"https:\/\/www.mexicanadeaditivos.com.mx\/index.php\/panificacion\/#breadcrumb"},"inLanguage":"es","potentialAction":[{"@type":"ReadAction","target":["https:\/\/www.mexicanadeaditivos.com.mx\/index.php\/panificacion\/"]}]},{"@type":"BreadcrumbList","@id":"https:\/\/www.mexicanadeaditivos.com.mx\/index.php\/panificacion\/#breadcrumb","itemListElement":[{"@type":"ListItem","position":1,"name":"Portada","item":"https:\/\/www.mexicanadeaditivos.com.mx\/"},{"@type":"ListItem","position":2,"name":"Panificaci\u00f3n"}]}]}},"_links":{"self":[{"href":"https:\/\/www.mexicanadeaditivos.com.mx\/index.php\/wp-json\/wp\/v2\/pages\/42","targetHints":{"allow":["GET"]}}],"collection":[{"href":"https:\/\/www.mexicanadeaditivos.com.mx\/index.php\/wp-json\/wp\/v2\/pages"}],"about":[{"href":"https:\/\/www.mexicanadeaditivos.com.mx\/index.php\/wp-json\/wp\/v2\/types\/page"}],"author":[{"embeddable":true,"href":"https:\/\/www.mexicanadeaditivos.com.mx\/index.php\/wp-json\/wp\/v2\/users\/1"}],"replies":[{"embeddable":true,"href":"https:\/\/www.mexicanadeaditivos.com.mx\/index.php\/wp-json\/wp\/v2\/comments?post=42"}],"version-history":[{"count":25,"href":"https:\/\/www.mexicanadeaditivos.com.mx\/index.php\/wp-json\/wp\/v2\/pages\/42\/revisions"}],"predecessor-version":[{"id":568,"href":"https:\/\/www.mexicanadeaditivos.com.mx\/index.php\/wp-json\/wp\/v2\/pages\/42\/revisions\/568"}],"wp:attachment":[{"href":"https:\/\/www.mexicanadeaditivos.com.mx\/index.php\/wp-json\/wp\/v2\/media?parent=42"}],"curies":[{"name":"wp","href":"https:\/\/api.w.org\/{rel}","templated":true}]}}