{"id":38,"date":"2021-05-27T09:53:26","date_gmt":"2021-05-27T14:53:26","guid":{"rendered":"https:\/\/mexicanadeaditivos.com.mx\/index1.php\/?page_id=38"},"modified":"2021-07-22T09:54:24","modified_gmt":"2021-07-22T14:54:24","slug":"confiteria","status":"publish","type":"page","link":"https:\/\/www.mexicanadeaditivos.com.mx\/index.php\/confiteria\/","title":{"rendered":"Confiter\u00eda"},"content":{"rendered":"\t\t<div data-elementor-type=\"wp-page\" data-elementor-id=\"38\" class=\"elementor elementor-38\" data-elementor-settings=\"[]\">\n\t\t\t\t\t\t\t<div class=\"elementor-section-wrap\">\n\t\t\t\t\t\t\t<section class=\"elementor-section elementor-top-section elementor-element elementor-element-2bd06f5 elementor-section-height-min-height elementor-section-content-middle elementor-section-full_width elementor-section-stretched elementor-section-height-default elementor-section-items-middle\" data-id=\"2bd06f5\" data-element_type=\"section\" data-settings=\"{&quot;background_background&quot;:&quot;classic&quot;,&quot;stretch_section&quot;:&quot;section-stretched&quot;}\">\n\t\t\t\t\t\t\t<div class=\"elementor-background-overlay\"><\/div>\n\t\t\t\t\t\t\t<div class=\"elementor-container elementor-column-gap-default\">\n\t\t\t\t\t<div class=\"elementor-column elementor-col-50 elementor-top-column elementor-element elementor-element-bca12e9\" data-id=\"bca12e9\" data-element_type=\"column\">\n\t\t\t<div class=\"elementor-widget-wrap elementor-element-populated\">\n\t\t\t\t\t\t\t\t<div class=\"elementor-element elementor-element-b8437c5 elementor-widget elementor-widget-heading\" data-id=\"b8437c5\" data-element_type=\"widget\" data-widget_type=\"heading.default\">\n\t\t\t\t<div class=\"elementor-widget-container\">\n\t\t\t<h3 class=\"elementor-heading-title elementor-size-default\">Sabores <\/h3>\t\t<\/div>\n\t\t\t\t<\/div>\n\t\t\t\t<div class=\"elementor-element elementor-element-d878ce3 elementor-widget elementor-widget-heading\" data-id=\"d878ce3\" data-element_type=\"widget\" data-widget_type=\"heading.default\">\n\t\t\t\t<div class=\"elementor-widget-container\">\n\t\t\t<h3 class=\"elementor-heading-title elementor-size-default\">Confiter\u00eda<\/h3>\t\t<\/div>\n\t\t\t\t<\/div>\n\t\t\t\t<div class=\"elementor-element elementor-element-d31df73 elementor-widget elementor-widget-heading\" data-id=\"d31df73\" data-element_type=\"widget\" data-widget_type=\"heading.default\">\n\t\t\t\t<div class=\"elementor-widget-container\">\n\t\t\t<p class=\"elementor-heading-title elementor-size-default\">Sweet<\/p>\t\t<\/div>\n\t\t\t\t<\/div>\n\t\t\t\t\t<\/div>\n\t\t<\/div>\n\t\t\t\t<div class=\"elementor-column elementor-col-50 elementor-top-column elementor-element elementor-element-e6831ea\" data-id=\"e6831ea\" data-element_type=\"column\">\n\t\t\t<div class=\"elementor-widget-wrap elementor-element-populated\">\n\t\t\t\t\t\t\t\t\t<\/div>\n\t\t<\/div>\n\t\t\t\t\t\t\t<\/div>\n\t\t<\/section>\n\t\t\t\t<section class=\"elementor-section elementor-top-section elementor-element elementor-element-33b99094 elementor-section-height-min-height elementor-section-full_width elementor-section-stretched elementor-section-height-default elementor-section-items-middle\" data-id=\"33b99094\" data-element_type=\"section\" data-settings=\"{&quot;background_background&quot;:&quot;classic&quot;,&quot;stretch_section&quot;:&quot;section-stretched&quot;}\">\n\t\t\t\t\t\t<div class=\"elementor-container elementor-column-gap-default\">\n\t\t\t\t\t<div class=\"elementor-column elementor-col-50 elementor-top-column elementor-element elementor-element-4ac066bc\" data-id=\"4ac066bc\" data-element_type=\"column\" data-settings=\"{&quot;background_background&quot;:&quot;classic&quot;}\">\n\t\t\t<div class=\"elementor-widget-wrap elementor-element-populated\">\n\t\t\t\t\t\t\t\t\t<\/div>\n\t\t<\/div>\n\t\t\t\t<div class=\"elementor-column elementor-col-50 elementor-top-column elementor-element elementor-element-108c839f\" data-id=\"108c839f\" data-element_type=\"column\" data-settings=\"{&quot;background_background&quot;:&quot;classic&quot;}\">\n\t\t\t<div class=\"elementor-widget-wrap elementor-element-populated\">\n\t\t\t\t\t\t\t\t<div class=\"elementor-element elementor-element-163f13db elementor-widget elementor-widget-heading\" data-id=\"163f13db\" data-element_type=\"widget\" data-widget_type=\"heading.default\">\n\t\t\t\t<div class=\"elementor-widget-container\">\n\t\t\t<p class=\"elementor-heading-title elementor-size-default\">Ofrecemos una amplia variedad de sabores para confiter\u00eda, desde los tradicionales que han perdurado en el gusto de los consumidores a trav\u00e9s del tiempo, as\u00ed como sabores innovadores que se ajustan a las preferencias de las nuevas generaciones.<\/p>\t\t<\/div>\n\t\t\t\t<\/div>\n\t\t\t\t\t<\/div>\n\t\t<\/div>\n\t\t\t\t\t\t\t<\/div>\n\t\t<\/section>\n\t\t\t\t<section class=\"elementor-section elementor-top-section elementor-element elementor-element-5dc82da3 elementor-section-content-middle elementor-section-full_width elementor-section-stretched elementor-section-height-default elementor-section-height-default\" data-id=\"5dc82da3\" data-element_type=\"section\" data-settings=\"{&quot;stretch_section&quot;:&quot;section-stretched&quot;}\">\n\t\t\t\t\t\t<div class=\"elementor-container elementor-column-gap-no\">\n\t\t\t\t\t<div class=\"elementor-column elementor-col-100 elementor-top-column elementor-element elementor-element-2b4a1bac\" data-id=\"2b4a1bac\" data-element_type=\"column\">\n\t\t\t<div class=\"elementor-widget-wrap elementor-element-populated\">\n\t\t\t\t\t\t\t\t<div class=\"elementor-element elementor-element-33a565f3 elementor-widget elementor-widget-heading\" data-id=\"33a565f3\" data-element_type=\"widget\" data-widget_type=\"heading.default\">\n\t\t\t\t<div class=\"elementor-widget-container\">\n\t\t\t<h4 class=\"elementor-heading-title elementor-size-default\">Contamos con sabores para las siguientes aplicaciones<\/h4>\t\t<\/div>\n\t\t\t\t<\/div>\n\t\t\t\t\t<\/div>\n\t\t<\/div>\n\t\t\t\t\t\t\t<\/div>\n\t\t<\/section>\n\t\t\t\t<section class=\"elementor-section elementor-top-section elementor-element elementor-element-5b1f9b4 elementor-section-full_width elementor-section-stretched elementor-section-height-default elementor-section-height-default\" data-id=\"5b1f9b4\" data-element_type=\"section\" data-settings=\"{&quot;stretch_section&quot;:&quot;section-stretched&quot;}\">\n\t\t\t\t\t\t<div class=\"elementor-container elementor-column-gap-default\">\n\t\t\t\t\t<div class=\"elementor-column elementor-col-100 elementor-top-column elementor-element elementor-element-6582926a\" data-id=\"6582926a\" data-element_type=\"column\" data-settings=\"{&quot;background_background&quot;:&quot;classic&quot;}\">\n\t\t\t<div class=\"elementor-widget-wrap elementor-element-populated\">\n\t\t\t\t\t\t\t\t<div class=\"elementor-element elementor-element-c5a02bd elementor-widget-divider--view-line elementor-widget elementor-widget-divider\" data-id=\"c5a02bd\" data-element_type=\"widget\" data-widget_type=\"divider.default\">\n\t\t\t\t<div class=\"elementor-widget-container\">\n\t\t\t\t\t<div class=\"elementor-divider\">\n\t\t\t<span class=\"elementor-divider-separator\">\n\t\t\t\t\t\t<\/span>\n\t\t<\/div>\n\t\t\t\t<\/div>\n\t\t\t\t<\/div>\n\t\t\t\t<div class=\"elementor-element elementor-element-189ea3c7 elementor-widget elementor-widget-heading\" data-id=\"189ea3c7\" data-element_type=\"widget\" data-widget_type=\"heading.default\">\n\t\t\t\t<div class=\"elementor-widget-container\">\n\t\t\t<p class=\"elementor-heading-title elementor-size-default\">*Caramelo macizo<\/p>\t\t<\/div>\n\t\t\t\t<\/div>\n\t\t\t\t<div class=\"elementor-element elementor-element-46ce259a elementor-widget elementor-widget-heading\" data-id=\"46ce259a\" data-element_type=\"widget\" data-widget_type=\"heading.default\">\n\t\t\t\t<div class=\"elementor-widget-container\">\n\t\t\t<p class=\"elementor-heading-title elementor-size-default\">*Gomitas<\/p>\t\t<\/div>\n\t\t\t\t<\/div>\n\t\t\t\t<div class=\"elementor-element elementor-element-1a1206e6 elementor-widget elementor-widget-heading\" data-id=\"1a1206e6\" data-element_type=\"widget\" data-widget_type=\"heading.default\">\n\t\t\t\t<div class=\"elementor-widget-container\">\n\t\t\t<p class=\"elementor-heading-title elementor-size-default\">*Malvavisco<\/p>\t\t<\/div>\n\t\t\t\t<\/div>\n\t\t\t\t<div class=\"elementor-element elementor-element-50640a62 elementor-widget elementor-widget-heading\" data-id=\"50640a62\" data-element_type=\"widget\" data-widget_type=\"heading.default\">\n\t\t\t\t<div class=\"elementor-widget-container\">\n\t\t\t<p class=\"elementor-heading-title elementor-size-default\">*Cobertura<\/p>\t\t<\/div>\n\t\t\t\t<\/div>\n\t\t\t\t<div class=\"elementor-element elementor-element-7445bae elementor-widget elementor-widget-heading\" data-id=\"7445bae\" data-element_type=\"widget\" data-widget_type=\"heading.default\">\n\t\t\t\t<div class=\"elementor-widget-container\">\n\t\t\t<p class=\"elementor-heading-title elementor-size-default\">*Rellenos<\/p>\t\t<\/div>\n\t\t\t\t<\/div>\n\t\t\t\t\t<\/div>\n\t\t<\/div>\n\t\t\t\t\t\t\t<\/div>\n\t\t<\/section>\n\t\t\t\t<section class=\"elementor-section elementor-top-section elementor-element elementor-element-d054423 elementor-section-full_width elementor-section-stretched elementor-section-height-default elementor-section-height-default\" data-id=\"d054423\" data-element_type=\"section\" data-settings=\"{&quot;stretch_section&quot;:&quot;section-stretched&quot;}\">\n\t\t\t\t\t\t<div class=\"elementor-container elementor-column-gap-default\">\n\t\t\t\t\t<div class=\"elementor-column elementor-col-100 elementor-top-column elementor-element elementor-element-bc3977f\" data-id=\"bc3977f\" data-element_type=\"column\">\n\t\t\t<div class=\"elementor-widget-wrap elementor-element-populated\">\n\t\t\t\t\t\t\t\t<section class=\"elementor-section elementor-inner-section elementor-element elementor-element-69ab615 elementor-section-height-min-height elementor-section-full_width elementor-section-height-default\" data-id=\"69ab615\" data-element_type=\"section\">\n\t\t\t\t\t\t<div class=\"elementor-container elementor-column-gap-default\">\n\t\t\t\t\t<div class=\"elementor-column elementor-col-50 elementor-inner-column elementor-element elementor-element-51c1e28\" data-id=\"51c1e28\" data-element_type=\"column\">\n\t\t\t<div class=\"elementor-widget-wrap elementor-element-populated\">\n\t\t\t\t\t\t\t\t<div class=\"elementor-element elementor-element-6c5c62a elementor-widget elementor-widget-image\" data-id=\"6c5c62a\" data-element_type=\"widget\" data-widget_type=\"image.default\">\n\t\t\t\t<div class=\"elementor-widget-container\">\n\t\t\t\t\t\t\t\t\t\t\t\t\t\t\t\t<a href=\"https:\/\/www.mexicanadeaditivos.com.mx\">\n\t\t\t\t\t\t\t<img loading=\"lazy\" decoding=\"async\" width=\"2714\" height=\"511\" src=\"https:\/\/i0.wp.com\/www.mexicanadeaditivos.com.mx\/wp-content\/uploads\/2021\/05\/logo-MAA-recorte.png?fit=2714%2C511&amp;ssl=1\" class=\"attachment-full size-full\" alt=\"\" srcset=\"https:\/\/i0.wp.com\/www.mexicanadeaditivos.com.mx\/wp-content\/uploads\/2021\/05\/logo-MAA-recorte.png?w=2714&amp;ssl=1 2714w, https:\/\/i0.wp.com\/www.mexicanadeaditivos.com.mx\/wp-content\/uploads\/2021\/05\/logo-MAA-recorte.png?resize=300%2C56&amp;ssl=1 300w, https:\/\/i0.wp.com\/www.mexicanadeaditivos.com.mx\/wp-content\/uploads\/2021\/05\/logo-MAA-recorte.png?resize=1024%2C193&amp;ssl=1 1024w, https:\/\/i0.wp.com\/www.mexicanadeaditivos.com.mx\/wp-content\/uploads\/2021\/05\/logo-MAA-recorte.png?resize=768%2C145&amp;ssl=1 768w, https:\/\/i0.wp.com\/www.mexicanadeaditivos.com.mx\/wp-content\/uploads\/2021\/05\/logo-MAA-recorte.png?resize=1536%2C289&amp;ssl=1 1536w, https:\/\/i0.wp.com\/www.mexicanadeaditivos.com.mx\/wp-content\/uploads\/2021\/05\/logo-MAA-recorte.png?resize=2048%2C386&amp;ssl=1 2048w, https:\/\/i0.wp.com\/www.mexicanadeaditivos.com.mx\/wp-content\/uploads\/2021\/05\/logo-MAA-recorte.png?w=2340&amp;ssl=1 2340w\" sizes=\"auto, (max-width: 1170px) 100vw, 1170px\" \/>\t\t\t\t\t\t\t\t<\/a>\n\t\t\t\t\t\t\t\t\t\t\t\t\t\t\t<\/div>\n\t\t\t\t<\/div>\n\t\t\t\t<div class=\"elementor-element elementor-element-f2919f9 elementor-icon-list--layout-inline elementor-align-left elementor-tablet-align-center elementor-list-item-link-full_width elementor-widget elementor-widget-icon-list\" data-id=\"f2919f9\" data-element_type=\"widget\" data-widget_type=\"icon-list.default\">\n\t\t\t\t<div class=\"elementor-widget-container\">\n\t\t\t\t\t<ul class=\"elementor-icon-list-items elementor-inline-items\">\n\t\t\t\t\t\t\t<li class=\"elementor-icon-list-item elementor-inline-item\">\n\t\t\t\t\t\t\t\t\t\t\t<a href=\"https:\/\/www.facebook.com\/maasaoficial\/\" target=\"_blank\">\n\n\t\t\t\t\t\t\t\t\t\t\t\t<span class=\"elementor-icon-list-icon\">\n\t\t\t\t\t\t\t<i aria-hidden=\"true\" class=\"fab fa-facebook-f\"><\/i>\t\t\t\t\t\t<\/span>\n\t\t\t\t\t\t\t\t\t\t<span class=\"elementor-icon-list-text\"><\/span>\n\t\t\t\t\t\t\t\t\t\t\t<\/a>\n\t\t\t\t\t\t\t\t\t<\/li>\n\t\t\t\t\t\t\t\t<li class=\"elementor-icon-list-item elementor-inline-item\">\n\t\t\t\t\t\t\t\t\t\t\t<a href=\"https:\/\/www.linkedin.com\/company\/mexicana-de-aditivos-alimenticios-s-a-de-c-v-\/?viewAsMember=true\" target=\"_blank\">\n\n\t\t\t\t\t\t\t\t\t\t\t\t<span class=\"elementor-icon-list-icon\">\n\t\t\t\t\t\t\t<i aria-hidden=\"true\" class=\"fab fa-linkedin-in\"><\/i>\t\t\t\t\t\t<\/span>\n\t\t\t\t\t\t\t\t\t\t<span class=\"elementor-icon-list-text\"><\/span>\n\t\t\t\t\t\t\t\t\t\t\t<\/a>\n\t\t\t\t\t\t\t\t\t<\/li>\n\t\t\t\t\t\t<\/ul>\n\t\t\t\t<\/div>\n\t\t\t\t<\/div>\n\t\t\t\t\t<\/div>\n\t\t<\/div>\n\t\t\t\t<div class=\"elementor-column elementor-col-50 elementor-inner-column elementor-element elementor-element-cf0ba6a\" data-id=\"cf0ba6a\" data-element_type=\"column\">\n\t\t\t<div class=\"elementor-widget-wrap elementor-element-populated\">\n\t\t\t\t\t\t\t\t<div class=\"elementor-element elementor-element-0f01766 elementor-widget elementor-widget-text-editor\" data-id=\"0f01766\" data-element_type=\"widget\" data-widget_type=\"text-editor.default\">\n\t\t\t\t<div class=\"elementor-widget-container\">\n\t\t\t\t\t\t\t<p>\u00a0<\/p><p><span style=\"color: #9aa8ba;\"><strong>Tel:<\/strong><\/span>(55) 5577 3391 \/ (55) 5781 4574<\/p><p><span style=\"color: #9aa8ba;\"><strong>Email: <\/strong><a href=\"mailto:ventas@mexicanadeaditivos.com.mx\">ventas@mexicanadeaditivos.com.mx<\/a><\/span><\/p>\t\t\t\t\t\t<\/div>\n\t\t\t\t<\/div>\n\t\t\t\t<div class=\"elementor-element elementor-element-76e5eb6 elementor-widget elementor-widget-text-editor\" data-id=\"76e5eb6\" data-element_type=\"widget\" data-widget_type=\"text-editor.default\">\n\t\t\t\t<div class=\"elementor-widget-container\">\n\t\t\t\t\t\t\t\t\t\t\t\t\t<\/div>\n\t\t\t\t<\/div>\n\t\t\t\t\t<\/div>\n\t\t<\/div>\n\t\t\t\t\t\t\t<\/div>\n\t\t<\/section>\n\t\t\t\t\t<\/div>\n\t\t<\/div>\n\t\t\t\t\t\t\t<\/div>\n\t\t<\/section>\n\t\t\t\t\t\t<\/div>\n\t\t\t\t\t<\/div>\n\t\t","protected":false},"excerpt":{"rendered":"<p>Sabores Confiter\u00eda Sweet Ofrecemos una amplia variedad de sabores para confiter\u00eda, desde los tradicionales que han perdurado en el gusto de los consumidores a trav\u00e9s del tiempo, as\u00ed como sabores&hellip;<\/p>\n","protected":false},"author":1,"featured_media":0,"parent":0,"menu_order":0,"comment_status":"closed","ping_status":"closed","template":"","meta":{"spay_email":"","footnotes":""},"class_list":["post-38","page","type-page","status-publish","hentry"],"yoast_head":"<!-- This site is optimized with the Yoast SEO plugin v18.3 - https:\/\/yoast.com\/wordpress\/plugins\/seo\/ -->\n<title>Confiter\u00eda -<\/title>\n<meta name=\"robots\" content=\"index, follow, max-snippet:-1, max-image-preview:large, max-video-preview:-1\" \/>\n<link rel=\"canonical\" href=\"https:\/\/www.mexicanadeaditivos.com.mx\/index.php\/confiteria\/\" \/>\n<meta property=\"og:locale\" content=\"es_ES\" \/>\n<meta property=\"og:type\" content=\"article\" \/>\n<meta property=\"og:title\" content=\"Confiter\u00eda -\" \/>\n<meta property=\"og:description\" content=\"Sabores Confiter\u00eda Sweet Ofrecemos una amplia variedad de sabores para confiter\u00eda, desde los tradicionales que han perdurado en el gusto de los consumidores a trav\u00e9s del tiempo, as\u00ed como sabores&hellip;\" \/>\n<meta property=\"og:url\" content=\"https:\/\/www.mexicanadeaditivos.com.mx\/index.php\/confiteria\/\" \/>\n<meta property=\"article:modified_time\" content=\"2021-07-22T14:54:24+00:00\" \/>\n<meta property=\"og:image\" content=\"https:\/\/www.mexicanadeaditivos.com.mx\/wp-content\/uploads\/2021\/05\/logo-MAA-recorte.png\" \/>\n<meta name=\"twitter:card\" content=\"summary_large_image\" \/>\n<meta name=\"twitter:label1\" content=\"Tiempo de lectura\" \/>\n\t<meta name=\"twitter:data1\" content=\"1 minuto\" \/>\n<script type=\"application\/ld+json\" class=\"yoast-schema-graph\">{\"@context\":\"https:\/\/schema.org\",\"@graph\":[{\"@type\":\"Organization\",\"@id\":\"https:\/\/www.mexicanadeaditivos.com.mx\/#organization\",\"name\":\"Mexicana de Aditivos\",\"url\":\"https:\/\/www.mexicanadeaditivos.com.mx\/\",\"sameAs\":[],\"logo\":{\"@type\":\"ImageObject\",\"@id\":\"https:\/\/www.mexicanadeaditivos.com.mx\/#logo\",\"inLanguage\":\"es\",\"url\":\"https:\/\/i0.wp.com\/mexicanadeaditivos.com.mx\/wp-content\/uploads\/2021\/05\/logo-MAA-recorte.png?fit=2714%2C511&ssl=1\",\"contentUrl\":\"https:\/\/i0.wp.com\/mexicanadeaditivos.com.mx\/wp-content\/uploads\/2021\/05\/logo-MAA-recorte.png?fit=2714%2C511&ssl=1\",\"width\":2714,\"height\":511,\"caption\":\"Mexicana de Aditivos\"},\"image\":{\"@id\":\"https:\/\/www.mexicanadeaditivos.com.mx\/#logo\"}},{\"@type\":\"WebSite\",\"@id\":\"https:\/\/www.mexicanadeaditivos.com.mx\/#website\",\"url\":\"https:\/\/www.mexicanadeaditivos.com.mx\/\",\"name\":\"\",\"description\":\"\",\"publisher\":{\"@id\":\"https:\/\/www.mexicanadeaditivos.com.mx\/#organization\"},\"potentialAction\":[{\"@type\":\"SearchAction\",\"target\":{\"@type\":\"EntryPoint\",\"urlTemplate\":\"https:\/\/www.mexicanadeaditivos.com.mx\/?s={search_term_string}\"},\"query-input\":\"required name=search_term_string\"}],\"inLanguage\":\"es\"},{\"@type\":\"ImageObject\",\"@id\":\"https:\/\/www.mexicanadeaditivos.com.mx\/index.php\/confiteria\/#primaryimage\",\"inLanguage\":\"es\",\"url\":\"https:\/\/i0.wp.com\/www.mexicanadeaditivos.com.mx\/wp-content\/uploads\/2021\/05\/logo-MAA-recorte.png?fit=2714%2C511&ssl=1\",\"contentUrl\":\"https:\/\/i0.wp.com\/www.mexicanadeaditivos.com.mx\/wp-content\/uploads\/2021\/05\/logo-MAA-recorte.png?fit=2714%2C511&ssl=1\",\"width\":2714,\"height\":511},{\"@type\":\"WebPage\",\"@id\":\"https:\/\/www.mexicanadeaditivos.com.mx\/index.php\/confiteria\/#webpage\",\"url\":\"https:\/\/www.mexicanadeaditivos.com.mx\/index.php\/confiteria\/\",\"name\":\"Confiter\u00eda -\",\"isPartOf\":{\"@id\":\"https:\/\/www.mexicanadeaditivos.com.mx\/#website\"},\"primaryImageOfPage\":{\"@id\":\"https:\/\/www.mexicanadeaditivos.com.mx\/index.php\/confiteria\/#primaryimage\"},\"datePublished\":\"2021-05-27T14:53:26+00:00\",\"dateModified\":\"2021-07-22T14:54:24+00:00\",\"breadcrumb\":{\"@id\":\"https:\/\/www.mexicanadeaditivos.com.mx\/index.php\/confiteria\/#breadcrumb\"},\"inLanguage\":\"es\",\"potentialAction\":[{\"@type\":\"ReadAction\",\"target\":[\"https:\/\/www.mexicanadeaditivos.com.mx\/index.php\/confiteria\/\"]}]},{\"@type\":\"BreadcrumbList\",\"@id\":\"https:\/\/www.mexicanadeaditivos.com.mx\/index.php\/confiteria\/#breadcrumb\",\"itemListElement\":[{\"@type\":\"ListItem\",\"position\":1,\"name\":\"Portada\",\"item\":\"https:\/\/www.mexicanadeaditivos.com.mx\/\"},{\"@type\":\"ListItem\",\"position\":2,\"name\":\"Confiter\u00eda\"}]}]}<\/script>\n<!-- \/ Yoast SEO plugin. -->","yoast_head_json":{"title":"Confiter\u00eda -","robots":{"index":"index","follow":"follow","max-snippet":"max-snippet:-1","max-image-preview":"max-image-preview:large","max-video-preview":"max-video-preview:-1"},"canonical":"https:\/\/www.mexicanadeaditivos.com.mx\/index.php\/confiteria\/","og_locale":"es_ES","og_type":"article","og_title":"Confiter\u00eda -","og_description":"Sabores Confiter\u00eda Sweet Ofrecemos una amplia variedad de sabores para confiter\u00eda, desde los tradicionales que han perdurado en el gusto de los consumidores a trav\u00e9s del tiempo, as\u00ed como sabores&hellip;","og_url":"https:\/\/www.mexicanadeaditivos.com.mx\/index.php\/confiteria\/","article_modified_time":"2021-07-22T14:54:24+00:00","og_image":[{"url":"https:\/\/www.mexicanadeaditivos.com.mx\/wp-content\/uploads\/2021\/05\/logo-MAA-recorte.png"}],"twitter_card":"summary_large_image","twitter_misc":{"Tiempo de lectura":"1 minuto"},"schema":{"@context":"https:\/\/schema.org","@graph":[{"@type":"Organization","@id":"https:\/\/www.mexicanadeaditivos.com.mx\/#organization","name":"Mexicana de Aditivos","url":"https:\/\/www.mexicanadeaditivos.com.mx\/","sameAs":[],"logo":{"@type":"ImageObject","@id":"https:\/\/www.mexicanadeaditivos.com.mx\/#logo","inLanguage":"es","url":"https:\/\/i0.wp.com\/mexicanadeaditivos.com.mx\/wp-content\/uploads\/2021\/05\/logo-MAA-recorte.png?fit=2714%2C511&ssl=1","contentUrl":"https:\/\/i0.wp.com\/mexicanadeaditivos.com.mx\/wp-content\/uploads\/2021\/05\/logo-MAA-recorte.png?fit=2714%2C511&ssl=1","width":2714,"height":511,"caption":"Mexicana de Aditivos"},"image":{"@id":"https:\/\/www.mexicanadeaditivos.com.mx\/#logo"}},{"@type":"WebSite","@id":"https:\/\/www.mexicanadeaditivos.com.mx\/#website","url":"https:\/\/www.mexicanadeaditivos.com.mx\/","name":"","description":"","publisher":{"@id":"https:\/\/www.mexicanadeaditivos.com.mx\/#organization"},"potentialAction":[{"@type":"SearchAction","target":{"@type":"EntryPoint","urlTemplate":"https:\/\/www.mexicanadeaditivos.com.mx\/?s={search_term_string}"},"query-input":"required name=search_term_string"}],"inLanguage":"es"},{"@type":"ImageObject","@id":"https:\/\/www.mexicanadeaditivos.com.mx\/index.php\/confiteria\/#primaryimage","inLanguage":"es","url":"https:\/\/i0.wp.com\/www.mexicanadeaditivos.com.mx\/wp-content\/uploads\/2021\/05\/logo-MAA-recorte.png?fit=2714%2C511&ssl=1","contentUrl":"https:\/\/i0.wp.com\/www.mexicanadeaditivos.com.mx\/wp-content\/uploads\/2021\/05\/logo-MAA-recorte.png?fit=2714%2C511&ssl=1","width":2714,"height":511},{"@type":"WebPage","@id":"https:\/\/www.mexicanadeaditivos.com.mx\/index.php\/confiteria\/#webpage","url":"https:\/\/www.mexicanadeaditivos.com.mx\/index.php\/confiteria\/","name":"Confiter\u00eda -","isPartOf":{"@id":"https:\/\/www.mexicanadeaditivos.com.mx\/#website"},"primaryImageOfPage":{"@id":"https:\/\/www.mexicanadeaditivos.com.mx\/index.php\/confiteria\/#primaryimage"},"datePublished":"2021-05-27T14:53:26+00:00","dateModified":"2021-07-22T14:54:24+00:00","breadcrumb":{"@id":"https:\/\/www.mexicanadeaditivos.com.mx\/index.php\/confiteria\/#breadcrumb"},"inLanguage":"es","potentialAction":[{"@type":"ReadAction","target":["https:\/\/www.mexicanadeaditivos.com.mx\/index.php\/confiteria\/"]}]},{"@type":"BreadcrumbList","@id":"https:\/\/www.mexicanadeaditivos.com.mx\/index.php\/confiteria\/#breadcrumb","itemListElement":[{"@type":"ListItem","position":1,"name":"Portada","item":"https:\/\/www.mexicanadeaditivos.com.mx\/"},{"@type":"ListItem","position":2,"name":"Confiter\u00eda"}]}]}},"_links":{"self":[{"href":"https:\/\/www.mexicanadeaditivos.com.mx\/index.php\/wp-json\/wp\/v2\/pages\/38","targetHints":{"allow":["GET"]}}],"collection":[{"href":"https:\/\/www.mexicanadeaditivos.com.mx\/index.php\/wp-json\/wp\/v2\/pages"}],"about":[{"href":"https:\/\/www.mexicanadeaditivos.com.mx\/index.php\/wp-json\/wp\/v2\/types\/page"}],"author":[{"embeddable":true,"href":"https:\/\/www.mexicanadeaditivos.com.mx\/index.php\/wp-json\/wp\/v2\/users\/1"}],"replies":[{"embeddable":true,"href":"https:\/\/www.mexicanadeaditivos.com.mx\/index.php\/wp-json\/wp\/v2\/comments?post=38"}],"version-history":[{"count":25,"href":"https:\/\/www.mexicanadeaditivos.com.mx\/index.php\/wp-json\/wp\/v2\/pages\/38\/revisions"}],"predecessor-version":[{"id":521,"href":"https:\/\/www.mexicanadeaditivos.com.mx\/index.php\/wp-json\/wp\/v2\/pages\/38\/revisions\/521"}],"wp:attachment":[{"href":"https:\/\/www.mexicanadeaditivos.com.mx\/index.php\/wp-json\/wp\/v2\/media?parent=38"}],"curies":[{"name":"wp","href":"https:\/\/api.w.org\/{rel}","templated":true}]}}