{"id":36,"date":"2021-05-27T09:53:07","date_gmt":"2021-05-27T14:53:07","guid":{"rendered":"https:\/\/mexicanadeaditivos.com.mx\/index1.php\/?page_id=36"},"modified":"2021-07-22T10:34:47","modified_gmt":"2021-07-22T15:34:47","slug":"lacteos","status":"publish","type":"page","link":"https:\/\/www.mexicanadeaditivos.com.mx\/index.php\/lacteos\/","title":{"rendered":"L\u00e1cteos"},"content":{"rendered":"\t\t<div data-elementor-type=\"wp-page\" data-elementor-id=\"36\" class=\"elementor elementor-36\" data-elementor-settings=\"[]\">\n\t\t\t\t\t\t\t<div class=\"elementor-section-wrap\">\n\t\t\t\t\t\t\t<section class=\"elementor-section elementor-top-section elementor-element elementor-element-ee133c2 elementor-section-height-min-height elementor-section-content-middle elementor-section-full_width elementor-section-stretched elementor-section-height-default elementor-section-items-middle\" data-id=\"ee133c2\" data-element_type=\"section\" data-settings=\"{&quot;background_background&quot;:&quot;slideshow&quot;,&quot;stretch_section&quot;:&quot;section-stretched&quot;,&quot;background_slideshow_gallery&quot;:[{&quot;id&quot;:355,&quot;url&quot;:&quot;https:\\\/\\\/www.mexicanadeaditivos.com.mx\\\/wp-content\\\/uploads\\\/2021\\\/07\\\/eat-2300531_1280-1.png&quot;}],&quot;background_slideshow_loop&quot;:&quot;yes&quot;,&quot;background_slideshow_slide_duration&quot;:5000,&quot;background_slideshow_slide_transition&quot;:&quot;fade&quot;,&quot;background_slideshow_transition_duration&quot;:500}\">\n\t\t\t\t\t\t\t<div class=\"elementor-background-overlay\"><\/div>\n\t\t\t\t\t\t\t<div class=\"elementor-container elementor-column-gap-default\">\n\t\t\t\t\t<div class=\"elementor-column elementor-col-50 elementor-top-column elementor-element elementor-element-bb472de\" data-id=\"bb472de\" data-element_type=\"column\">\n\t\t\t<div class=\"elementor-widget-wrap elementor-element-populated\">\n\t\t\t\t\t\t\t\t<div class=\"elementor-element elementor-element-2b13d2e elementor-widget elementor-widget-heading\" data-id=\"2b13d2e\" data-element_type=\"widget\" data-widget_type=\"heading.default\">\n\t\t\t\t<div class=\"elementor-widget-container\">\n\t\t\t<h3 class=\"elementor-heading-title elementor-size-default\">Sabores <\/h3>\t\t<\/div>\n\t\t\t\t<\/div>\n\t\t\t\t<div class=\"elementor-element elementor-element-c32dea1 elementor-widget elementor-widget-heading\" data-id=\"c32dea1\" data-element_type=\"widget\" data-widget_type=\"heading.default\">\n\t\t\t\t<div class=\"elementor-widget-container\">\n\t\t\t<h3 class=\"elementor-heading-title elementor-size-default\"><span style=\"text-decoration-line: inherit;\">L\u00e1cteos<\/span><\/h3>\t\t<\/div>\n\t\t\t\t<\/div>\n\t\t\t\t<div class=\"elementor-element elementor-element-41344dc elementor-widget elementor-widget-heading\" data-id=\"41344dc\" data-element_type=\"widget\" data-widget_type=\"heading.default\">\n\t\t\t\t<div class=\"elementor-widget-container\">\n\t\t\t<p class=\"elementor-heading-title elementor-size-default\">Dairy<\/p>\t\t<\/div>\n\t\t\t\t<\/div>\n\t\t\t\t\t<\/div>\n\t\t<\/div>\n\t\t\t\t<div class=\"elementor-column elementor-col-50 elementor-top-column elementor-element elementor-element-b90a32c\" data-id=\"b90a32c\" data-element_type=\"column\">\n\t\t\t<div class=\"elementor-widget-wrap elementor-element-populated\">\n\t\t\t\t\t\t\t\t\t<\/div>\n\t\t<\/div>\n\t\t\t\t\t\t\t<\/div>\n\t\t<\/section>\n\t\t\t\t<section class=\"elementor-section elementor-top-section elementor-element elementor-element-1ce26a23 elementor-section-height-min-height elementor-section-full_width elementor-section-stretched elementor-section-height-default elementor-section-items-middle\" data-id=\"1ce26a23\" data-element_type=\"section\" data-settings=\"{&quot;background_background&quot;:&quot;classic&quot;,&quot;stretch_section&quot;:&quot;section-stretched&quot;}\">\n\t\t\t\t\t\t<div class=\"elementor-container elementor-column-gap-default\">\n\t\t\t\t\t<div class=\"elementor-column elementor-col-50 elementor-top-column elementor-element elementor-element-63c04ec1\" data-id=\"63c04ec1\" data-element_type=\"column\" data-settings=\"{&quot;background_background&quot;:&quot;classic&quot;}\">\n\t\t\t<div class=\"elementor-widget-wrap elementor-element-populated\">\n\t\t\t\t\t\t\t\t\t<\/div>\n\t\t<\/div>\n\t\t\t\t<div class=\"elementor-column elementor-col-50 elementor-top-column elementor-element elementor-element-69572fda\" data-id=\"69572fda\" data-element_type=\"column\" data-settings=\"{&quot;background_background&quot;:&quot;classic&quot;}\">\n\t\t\t<div class=\"elementor-widget-wrap elementor-element-populated\">\n\t\t\t\t\t\t\t\t<div class=\"elementor-element elementor-element-26d7aebd elementor-widget elementor-widget-heading\" data-id=\"26d7aebd\" data-element_type=\"widget\" data-widget_type=\"heading.default\">\n\t\t\t\t<div class=\"elementor-widget-container\">\n\t\t\t<p class=\"elementor-heading-title elementor-size-default\">A trav\u00e9s de los a\u00f1os, Mexicana de Aditivos ha trabajado en desarrollar sabores para este segmento que se ajusten a las necesidades de nuestros clientes.\n \nNuestros productos logran brindar a aquellas bases sint\u00e9ticas una sensaci\u00f3n m\u00e1s natural y menos grasosa.\n \nSin duda, algo que nos caracteriza, es que contamos con sabores arom\u00e1ticos, los cuales permanecen en el producto por largo tiempo, adicional, creamos un perfecto balance entre suavidad, cremosidad, dulzura e intensidad.<\/p>\t\t<\/div>\n\t\t\t\t<\/div>\n\t\t\t\t\t<\/div>\n\t\t<\/div>\n\t\t\t\t\t\t\t<\/div>\n\t\t<\/section>\n\t\t\t\t<section class=\"elementor-section elementor-top-section elementor-element elementor-element-2a121179 elementor-section-content-middle elementor-section-full_width elementor-section-stretched elementor-section-height-default elementor-section-height-default\" data-id=\"2a121179\" data-element_type=\"section\" data-settings=\"{&quot;stretch_section&quot;:&quot;section-stretched&quot;}\">\n\t\t\t\t\t\t<div class=\"elementor-container elementor-column-gap-no\">\n\t\t\t\t\t<div class=\"elementor-column elementor-col-100 elementor-top-column elementor-element elementor-element-7225b986\" data-id=\"7225b986\" data-element_type=\"column\">\n\t\t\t<div class=\"elementor-widget-wrap elementor-element-populated\">\n\t\t\t\t\t\t\t\t<div class=\"elementor-element elementor-element-587cde91 elementor-widget elementor-widget-heading\" data-id=\"587cde91\" data-element_type=\"widget\" data-widget_type=\"heading.default\">\n\t\t\t\t<div class=\"elementor-widget-container\">\n\t\t\t<h4 class=\"elementor-heading-title elementor-size-default\">Contamos con sabores para las siguientes aplicaciones<\/h4>\t\t<\/div>\n\t\t\t\t<\/div>\n\t\t\t\t\t<\/div>\n\t\t<\/div>\n\t\t\t\t\t\t\t<\/div>\n\t\t<\/section>\n\t\t\t\t<section class=\"elementor-section elementor-top-section elementor-element elementor-element-0855e45 elementor-section-full_width elementor-section-stretched elementor-section-height-default elementor-section-height-default\" data-id=\"0855e45\" data-element_type=\"section\" data-settings=\"{&quot;stretch_section&quot;:&quot;section-stretched&quot;}\">\n\t\t\t\t\t\t<div class=\"elementor-container elementor-column-gap-default\">\n\t\t\t\t\t<div class=\"elementor-column elementor-col-100 elementor-top-column elementor-element elementor-element-dba533a\" data-id=\"dba533a\" data-element_type=\"column\" data-settings=\"{&quot;background_background&quot;:&quot;classic&quot;}\">\n\t\t\t<div class=\"elementor-widget-wrap elementor-element-populated\">\n\t\t\t\t\t\t\t\t<div class=\"elementor-element elementor-element-4ba21e5 elementor-widget elementor-widget-heading\" data-id=\"4ba21e5\" data-element_type=\"widget\" data-widget_type=\"heading.default\">\n\t\t\t\t<div class=\"elementor-widget-container\">\n\t\t\t<p class=\"elementor-heading-title elementor-size-default\">*Helados<\/p>\t\t<\/div>\n\t\t\t\t<\/div>\n\t\t\t\t<div class=\"elementor-element elementor-element-bd2e5be elementor-widget elementor-widget-heading\" data-id=\"bd2e5be\" data-element_type=\"widget\" data-widget_type=\"heading.default\">\n\t\t\t\t<div class=\"elementor-widget-container\">\n\t\t\t<p class=\"elementor-heading-title elementor-size-default\">*Yogurt<\/p>\t\t<\/div>\n\t\t\t\t<\/div>\n\t\t\t\t<div class=\"elementor-element elementor-element-f3ccf67 elementor-widget elementor-widget-heading\" data-id=\"f3ccf67\" data-element_type=\"widget\" data-widget_type=\"heading.default\">\n\t\t\t\t<div class=\"elementor-widget-container\">\n\t\t\t<p class=\"elementor-heading-title elementor-size-default\">*Quesos<\/p>\t\t<\/div>\n\t\t\t\t<\/div>\n\t\t\t\t<div class=\"elementor-element elementor-element-83854bc elementor-widget elementor-widget-heading\" data-id=\"83854bc\" data-element_type=\"widget\" data-widget_type=\"heading.default\">\n\t\t\t\t<div class=\"elementor-widget-container\">\n\t\t\t<p class=\"elementor-heading-title elementor-size-default\">*Mantequillas y Margarinas<\/p>\t\t<\/div>\n\t\t\t\t<\/div>\n\t\t\t\t\t<\/div>\n\t\t<\/div>\n\t\t\t\t\t\t\t<\/div>\n\t\t<\/section>\n\t\t\t\t<section class=\"elementor-section elementor-top-section elementor-element elementor-element-afbb44c elementor-section-full_width elementor-section-stretched elementor-section-height-default elementor-section-height-default\" data-id=\"afbb44c\" data-element_type=\"section\" data-settings=\"{&quot;stretch_section&quot;:&quot;section-stretched&quot;}\">\n\t\t\t\t\t\t<div class=\"elementor-container elementor-column-gap-default\">\n\t\t\t\t\t<div class=\"elementor-column elementor-col-100 elementor-top-column elementor-element elementor-element-3fd3bfc\" data-id=\"3fd3bfc\" data-element_type=\"column\">\n\t\t\t<div class=\"elementor-widget-wrap elementor-element-populated\">\n\t\t\t\t\t\t\t\t<section class=\"elementor-section elementor-inner-section elementor-element elementor-element-9bffda9 elementor-section-height-min-height elementor-section-full_width elementor-section-height-default\" data-id=\"9bffda9\" data-element_type=\"section\">\n\t\t\t\t\t\t<div class=\"elementor-container elementor-column-gap-default\">\n\t\t\t\t\t<div class=\"elementor-column elementor-col-50 elementor-inner-column elementor-element elementor-element-33bd588\" data-id=\"33bd588\" data-element_type=\"column\">\n\t\t\t<div class=\"elementor-widget-wrap elementor-element-populated\">\n\t\t\t\t\t\t\t\t<div class=\"elementor-element elementor-element-3346453 elementor-widget elementor-widget-image\" data-id=\"3346453\" data-element_type=\"widget\" data-widget_type=\"image.default\">\n\t\t\t\t<div class=\"elementor-widget-container\">\n\t\t\t\t\t\t\t\t\t\t\t\t\t\t\t\t<a href=\"https:\/\/www.mexicanadeaditivos.com.mx\">\n\t\t\t\t\t\t\t<img loading=\"lazy\" decoding=\"async\" width=\"2714\" height=\"511\" src=\"https:\/\/i0.wp.com\/www.mexicanadeaditivos.com.mx\/wp-content\/uploads\/2021\/05\/logo-MAA-recorte.png?fit=2714%2C511&amp;ssl=1\" class=\"attachment-full size-full\" alt=\"\" srcset=\"https:\/\/i0.wp.com\/www.mexicanadeaditivos.com.mx\/wp-content\/uploads\/2021\/05\/logo-MAA-recorte.png?w=2714&amp;ssl=1 2714w, https:\/\/i0.wp.com\/www.mexicanadeaditivos.com.mx\/wp-content\/uploads\/2021\/05\/logo-MAA-recorte.png?resize=300%2C56&amp;ssl=1 300w, https:\/\/i0.wp.com\/www.mexicanadeaditivos.com.mx\/wp-content\/uploads\/2021\/05\/logo-MAA-recorte.png?resize=1024%2C193&amp;ssl=1 1024w, https:\/\/i0.wp.com\/www.mexicanadeaditivos.com.mx\/wp-content\/uploads\/2021\/05\/logo-MAA-recorte.png?resize=768%2C145&amp;ssl=1 768w, https:\/\/i0.wp.com\/www.mexicanadeaditivos.com.mx\/wp-content\/uploads\/2021\/05\/logo-MAA-recorte.png?resize=1536%2C289&amp;ssl=1 1536w, https:\/\/i0.wp.com\/www.mexicanadeaditivos.com.mx\/wp-content\/uploads\/2021\/05\/logo-MAA-recorte.png?resize=2048%2C386&amp;ssl=1 2048w, https:\/\/i0.wp.com\/www.mexicanadeaditivos.com.mx\/wp-content\/uploads\/2021\/05\/logo-MAA-recorte.png?w=2340&amp;ssl=1 2340w\" sizes=\"auto, (max-width: 1170px) 100vw, 1170px\" \/>\t\t\t\t\t\t\t\t<\/a>\n\t\t\t\t\t\t\t\t\t\t\t\t\t\t\t<\/div>\n\t\t\t\t<\/div>\n\t\t\t\t<div class=\"elementor-element elementor-element-533f32a elementor-icon-list--layout-inline elementor-align-left elementor-tablet-align-center elementor-list-item-link-full_width elementor-widget elementor-widget-icon-list\" data-id=\"533f32a\" data-element_type=\"widget\" data-widget_type=\"icon-list.default\">\n\t\t\t\t<div class=\"elementor-widget-container\">\n\t\t\t\t\t<ul class=\"elementor-icon-list-items elementor-inline-items\">\n\t\t\t\t\t\t\t<li class=\"elementor-icon-list-item elementor-inline-item\">\n\t\t\t\t\t\t\t\t\t\t\t<a href=\"https:\/\/www.facebook.com\/maasaoficial\/\" target=\"_blank\">\n\n\t\t\t\t\t\t\t\t\t\t\t\t<span class=\"elementor-icon-list-icon\">\n\t\t\t\t\t\t\t<i aria-hidden=\"true\" class=\"fab fa-facebook-f\"><\/i>\t\t\t\t\t\t<\/span>\n\t\t\t\t\t\t\t\t\t\t<span class=\"elementor-icon-list-text\"><\/span>\n\t\t\t\t\t\t\t\t\t\t\t<\/a>\n\t\t\t\t\t\t\t\t\t<\/li>\n\t\t\t\t\t\t\t\t<li class=\"elementor-icon-list-item elementor-inline-item\">\n\t\t\t\t\t\t\t\t\t\t\t<a href=\"https:\/\/www.linkedin.com\/company\/mexicana-de-aditivos-alimenticios-s-a-de-c-v-\/?viewAsMember=true\" target=\"_blank\">\n\n\t\t\t\t\t\t\t\t\t\t\t\t<span class=\"elementor-icon-list-icon\">\n\t\t\t\t\t\t\t<i aria-hidden=\"true\" class=\"fab fa-linkedin-in\"><\/i>\t\t\t\t\t\t<\/span>\n\t\t\t\t\t\t\t\t\t\t<span class=\"elementor-icon-list-text\"><\/span>\n\t\t\t\t\t\t\t\t\t\t\t<\/a>\n\t\t\t\t\t\t\t\t\t<\/li>\n\t\t\t\t\t\t<\/ul>\n\t\t\t\t<\/div>\n\t\t\t\t<\/div>\n\t\t\t\t\t<\/div>\n\t\t<\/div>\n\t\t\t\t<div class=\"elementor-column elementor-col-50 elementor-inner-column elementor-element elementor-element-99a273f\" data-id=\"99a273f\" data-element_type=\"column\">\n\t\t\t<div class=\"elementor-widget-wrap elementor-element-populated\">\n\t\t\t\t\t\t\t\t<div class=\"elementor-element elementor-element-e52f3e5 elementor-widget elementor-widget-text-editor\" data-id=\"e52f3e5\" data-element_type=\"widget\" data-widget_type=\"text-editor.default\">\n\t\t\t\t<div class=\"elementor-widget-container\">\n\t\t\t\t\t\t\t<p>\u00a0<\/p><p><span style=\"color: #9aa8ba;\"><strong>Tel:<\/strong><\/span>(55) 5577 3391 \/ (55) 5781 4574<\/p><p><span style=\"color: #9aa8ba;\"><strong>Email: <\/strong><a href=\"mailto:ventas@mexicanadeaditivos.com.mx\">ventas@mexicanadeaditivos.com.mx<\/a><\/span><\/p>\t\t\t\t\t\t<\/div>\n\t\t\t\t<\/div>\n\t\t\t\t<div class=\"elementor-element elementor-element-00198ef elementor-widget elementor-widget-text-editor\" data-id=\"00198ef\" data-element_type=\"widget\" data-widget_type=\"text-editor.default\">\n\t\t\t\t<div class=\"elementor-widget-container\">\n\t\t\t\t\t\t\t\t\t\t\t\t\t<\/div>\n\t\t\t\t<\/div>\n\t\t\t\t\t<\/div>\n\t\t<\/div>\n\t\t\t\t\t\t\t<\/div>\n\t\t<\/section>\n\t\t\t\t\t<\/div>\n\t\t<\/div>\n\t\t\t\t\t\t\t<\/div>\n\t\t<\/section>\n\t\t\t\t\t\t<\/div>\n\t\t\t\t\t<\/div>\n\t\t","protected":false},"excerpt":{"rendered":"<p>Sabores L\u00e1cteos Dairy A trav\u00e9s de los a\u00f1os, Mexicana de Aditivos ha trabajado en desarrollar sabores para este segmento que se ajusten a las necesidades de nuestros clientes. Nuestros productos&hellip;<\/p>\n","protected":false},"author":1,"featured_media":0,"parent":0,"menu_order":0,"comment_status":"closed","ping_status":"closed","template":"","meta":{"spay_email":"","footnotes":""},"class_list":["post-36","page","type-page","status-publish","hentry"],"yoast_head":"<!-- This site is optimized with the Yoast SEO plugin v18.3 - https:\/\/yoast.com\/wordpress\/plugins\/seo\/ -->\n<title>L\u00e1cteos -<\/title>\n<meta name=\"robots\" content=\"index, follow, max-snippet:-1, max-image-preview:large, max-video-preview:-1\" \/>\n<link rel=\"canonical\" href=\"https:\/\/www.mexicanadeaditivos.com.mx\/index.php\/lacteos\/\" \/>\n<meta property=\"og:locale\" content=\"es_ES\" \/>\n<meta property=\"og:type\" content=\"article\" \/>\n<meta property=\"og:title\" content=\"L\u00e1cteos -\" \/>\n<meta property=\"og:description\" content=\"Sabores L\u00e1cteos Dairy A trav\u00e9s de los a\u00f1os, Mexicana de Aditivos ha trabajado en desarrollar sabores para este segmento que se ajusten a las necesidades de nuestros clientes. Nuestros productos&hellip;\" \/>\n<meta property=\"og:url\" content=\"https:\/\/www.mexicanadeaditivos.com.mx\/index.php\/lacteos\/\" \/>\n<meta property=\"article:modified_time\" content=\"2021-07-22T15:34:47+00:00\" \/>\n<meta property=\"og:image\" content=\"https:\/\/www.mexicanadeaditivos.com.mx\/wp-content\/uploads\/2021\/05\/logo-MAA-recorte.png\" \/>\n<meta name=\"twitter:card\" content=\"summary_large_image\" \/>\n<meta name=\"twitter:label1\" content=\"Tiempo de lectura\" \/>\n\t<meta name=\"twitter:data1\" content=\"1 minuto\" \/>\n<script type=\"application\/ld+json\" class=\"yoast-schema-graph\">{\"@context\":\"https:\/\/schema.org\",\"@graph\":[{\"@type\":\"Organization\",\"@id\":\"https:\/\/www.mexicanadeaditivos.com.mx\/#organization\",\"name\":\"Mexicana de Aditivos\",\"url\":\"https:\/\/www.mexicanadeaditivos.com.mx\/\",\"sameAs\":[],\"logo\":{\"@type\":\"ImageObject\",\"@id\":\"https:\/\/www.mexicanadeaditivos.com.mx\/#logo\",\"inLanguage\":\"es\",\"url\":\"https:\/\/i0.wp.com\/mexicanadeaditivos.com.mx\/wp-content\/uploads\/2021\/05\/logo-MAA-recorte.png?fit=2714%2C511&ssl=1\",\"contentUrl\":\"https:\/\/i0.wp.com\/mexicanadeaditivos.com.mx\/wp-content\/uploads\/2021\/05\/logo-MAA-recorte.png?fit=2714%2C511&ssl=1\",\"width\":2714,\"height\":511,\"caption\":\"Mexicana de Aditivos\"},\"image\":{\"@id\":\"https:\/\/www.mexicanadeaditivos.com.mx\/#logo\"}},{\"@type\":\"WebSite\",\"@id\":\"https:\/\/www.mexicanadeaditivos.com.mx\/#website\",\"url\":\"https:\/\/www.mexicanadeaditivos.com.mx\/\",\"name\":\"\",\"description\":\"\",\"publisher\":{\"@id\":\"https:\/\/www.mexicanadeaditivos.com.mx\/#organization\"},\"potentialAction\":[{\"@type\":\"SearchAction\",\"target\":{\"@type\":\"EntryPoint\",\"urlTemplate\":\"https:\/\/www.mexicanadeaditivos.com.mx\/?s={search_term_string}\"},\"query-input\":\"required name=search_term_string\"}],\"inLanguage\":\"es\"},{\"@type\":\"ImageObject\",\"@id\":\"https:\/\/www.mexicanadeaditivos.com.mx\/index.php\/lacteos\/#primaryimage\",\"inLanguage\":\"es\",\"url\":\"https:\/\/i0.wp.com\/www.mexicanadeaditivos.com.mx\/wp-content\/uploads\/2021\/05\/logo-MAA-recorte.png?fit=2714%2C511&ssl=1\",\"contentUrl\":\"https:\/\/i0.wp.com\/www.mexicanadeaditivos.com.mx\/wp-content\/uploads\/2021\/05\/logo-MAA-recorte.png?fit=2714%2C511&ssl=1\",\"width\":2714,\"height\":511},{\"@type\":\"WebPage\",\"@id\":\"https:\/\/www.mexicanadeaditivos.com.mx\/index.php\/lacteos\/#webpage\",\"url\":\"https:\/\/www.mexicanadeaditivos.com.mx\/index.php\/lacteos\/\",\"name\":\"L\u00e1cteos -\",\"isPartOf\":{\"@id\":\"https:\/\/www.mexicanadeaditivos.com.mx\/#website\"},\"primaryImageOfPage\":{\"@id\":\"https:\/\/www.mexicanadeaditivos.com.mx\/index.php\/lacteos\/#primaryimage\"},\"datePublished\":\"2021-05-27T14:53:07+00:00\",\"dateModified\":\"2021-07-22T15:34:47+00:00\",\"breadcrumb\":{\"@id\":\"https:\/\/www.mexicanadeaditivos.com.mx\/index.php\/lacteos\/#breadcrumb\"},\"inLanguage\":\"es\",\"potentialAction\":[{\"@type\":\"ReadAction\",\"target\":[\"https:\/\/www.mexicanadeaditivos.com.mx\/index.php\/lacteos\/\"]}]},{\"@type\":\"BreadcrumbList\",\"@id\":\"https:\/\/www.mexicanadeaditivos.com.mx\/index.php\/lacteos\/#breadcrumb\",\"itemListElement\":[{\"@type\":\"ListItem\",\"position\":1,\"name\":\"Portada\",\"item\":\"https:\/\/www.mexicanadeaditivos.com.mx\/\"},{\"@type\":\"ListItem\",\"position\":2,\"name\":\"L\u00e1cteos\"}]}]}<\/script>\n<!-- \/ Yoast SEO plugin. -->","yoast_head_json":{"title":"L\u00e1cteos -","robots":{"index":"index","follow":"follow","max-snippet":"max-snippet:-1","max-image-preview":"max-image-preview:large","max-video-preview":"max-video-preview:-1"},"canonical":"https:\/\/www.mexicanadeaditivos.com.mx\/index.php\/lacteos\/","og_locale":"es_ES","og_type":"article","og_title":"L\u00e1cteos -","og_description":"Sabores L\u00e1cteos Dairy A trav\u00e9s de los a\u00f1os, Mexicana de Aditivos ha trabajado en desarrollar sabores para este segmento que se ajusten a las necesidades de nuestros clientes. Nuestros productos&hellip;","og_url":"https:\/\/www.mexicanadeaditivos.com.mx\/index.php\/lacteos\/","article_modified_time":"2021-07-22T15:34:47+00:00","og_image":[{"url":"https:\/\/www.mexicanadeaditivos.com.mx\/wp-content\/uploads\/2021\/05\/logo-MAA-recorte.png"}],"twitter_card":"summary_large_image","twitter_misc":{"Tiempo de lectura":"1 minuto"},"schema":{"@context":"https:\/\/schema.org","@graph":[{"@type":"Organization","@id":"https:\/\/www.mexicanadeaditivos.com.mx\/#organization","name":"Mexicana de Aditivos","url":"https:\/\/www.mexicanadeaditivos.com.mx\/","sameAs":[],"logo":{"@type":"ImageObject","@id":"https:\/\/www.mexicanadeaditivos.com.mx\/#logo","inLanguage":"es","url":"https:\/\/i0.wp.com\/mexicanadeaditivos.com.mx\/wp-content\/uploads\/2021\/05\/logo-MAA-recorte.png?fit=2714%2C511&ssl=1","contentUrl":"https:\/\/i0.wp.com\/mexicanadeaditivos.com.mx\/wp-content\/uploads\/2021\/05\/logo-MAA-recorte.png?fit=2714%2C511&ssl=1","width":2714,"height":511,"caption":"Mexicana de Aditivos"},"image":{"@id":"https:\/\/www.mexicanadeaditivos.com.mx\/#logo"}},{"@type":"WebSite","@id":"https:\/\/www.mexicanadeaditivos.com.mx\/#website","url":"https:\/\/www.mexicanadeaditivos.com.mx\/","name":"","description":"","publisher":{"@id":"https:\/\/www.mexicanadeaditivos.com.mx\/#organization"},"potentialAction":[{"@type":"SearchAction","target":{"@type":"EntryPoint","urlTemplate":"https:\/\/www.mexicanadeaditivos.com.mx\/?s={search_term_string}"},"query-input":"required name=search_term_string"}],"inLanguage":"es"},{"@type":"ImageObject","@id":"https:\/\/www.mexicanadeaditivos.com.mx\/index.php\/lacteos\/#primaryimage","inLanguage":"es","url":"https:\/\/i0.wp.com\/www.mexicanadeaditivos.com.mx\/wp-content\/uploads\/2021\/05\/logo-MAA-recorte.png?fit=2714%2C511&ssl=1","contentUrl":"https:\/\/i0.wp.com\/www.mexicanadeaditivos.com.mx\/wp-content\/uploads\/2021\/05\/logo-MAA-recorte.png?fit=2714%2C511&ssl=1","width":2714,"height":511},{"@type":"WebPage","@id":"https:\/\/www.mexicanadeaditivos.com.mx\/index.php\/lacteos\/#webpage","url":"https:\/\/www.mexicanadeaditivos.com.mx\/index.php\/lacteos\/","name":"L\u00e1cteos -","isPartOf":{"@id":"https:\/\/www.mexicanadeaditivos.com.mx\/#website"},"primaryImageOfPage":{"@id":"https:\/\/www.mexicanadeaditivos.com.mx\/index.php\/lacteos\/#primaryimage"},"datePublished":"2021-05-27T14:53:07+00:00","dateModified":"2021-07-22T15:34:47+00:00","breadcrumb":{"@id":"https:\/\/www.mexicanadeaditivos.com.mx\/index.php\/lacteos\/#breadcrumb"},"inLanguage":"es","potentialAction":[{"@type":"ReadAction","target":["https:\/\/www.mexicanadeaditivos.com.mx\/index.php\/lacteos\/"]}]},{"@type":"BreadcrumbList","@id":"https:\/\/www.mexicanadeaditivos.com.mx\/index.php\/lacteos\/#breadcrumb","itemListElement":[{"@type":"ListItem","position":1,"name":"Portada","item":"https:\/\/www.mexicanadeaditivos.com.mx\/"},{"@type":"ListItem","position":2,"name":"L\u00e1cteos"}]}]}},"_links":{"self":[{"href":"https:\/\/www.mexicanadeaditivos.com.mx\/index.php\/wp-json\/wp\/v2\/pages\/36","targetHints":{"allow":["GET"]}}],"collection":[{"href":"https:\/\/www.mexicanadeaditivos.com.mx\/index.php\/wp-json\/wp\/v2\/pages"}],"about":[{"href":"https:\/\/www.mexicanadeaditivos.com.mx\/index.php\/wp-json\/wp\/v2\/types\/page"}],"author":[{"embeddable":true,"href":"https:\/\/www.mexicanadeaditivos.com.mx\/index.php\/wp-json\/wp\/v2\/users\/1"}],"replies":[{"embeddable":true,"href":"https:\/\/www.mexicanadeaditivos.com.mx\/index.php\/wp-json\/wp\/v2\/comments?post=36"}],"version-history":[{"count":25,"href":"https:\/\/www.mexicanadeaditivos.com.mx\/index.php\/wp-json\/wp\/v2\/pages\/36\/revisions"}],"predecessor-version":[{"id":562,"href":"https:\/\/www.mexicanadeaditivos.com.mx\/index.php\/wp-json\/wp\/v2\/pages\/36\/revisions\/562"}],"wp:attachment":[{"href":"https:\/\/www.mexicanadeaditivos.com.mx\/index.php\/wp-json\/wp\/v2\/media?parent=36"}],"curies":[{"name":"wp","href":"https:\/\/api.w.org\/{rel}","templated":true}]}}