{"id":23,"date":"2021-05-26T13:52:35","date_gmt":"2021-05-26T18:52:35","guid":{"rendered":"https:\/\/mexicanadeaditivos.com.mx\/index1.php\/?page_id=23"},"modified":"2021-07-22T10:07:03","modified_gmt":"2021-07-22T15:07:03","slug":"aviso-privacidad","status":"publish","type":"page","link":"https:\/\/www.mexicanadeaditivos.com.mx\/index.php\/aviso-privacidad\/","title":{"rendered":"Aviso de Privacidad"},"content":{"rendered":"<p>Mexicana de Aditivos Alimenticios\u00a0S.A. de C.V., en lo sucesivo Mexicana de Aditivos (\u00abla empresa\u00bb), con domicilio en Temaca 6233, Colonia Arag\u00f3n Inguar\u00e1n, delegaci\u00f3n Gustavo A. Madero, M\u00e9xico, D.F., C.P. 07820, es el responsable de recabar sus datos personales, del uso que se le d\u00e9 a los mismos y de su protecci\u00f3n en t\u00e9rminos de la Ley Federal para Protecci\u00f3n de Datos Personales en Posesi\u00f3n de Particulares y su reglamento (la \u00abLey\u00bb).<br \/>\nLos datos personales que recabamos de usted pueden ser de forma directa cuando usted nos los proporciona, o bien v\u00eda telef\u00f3nica o por correo electr\u00f3nico. Esta informaci\u00f3n la utilizaremos para las siguientes finalidades seg\u00fan sean aplicables.<br \/>\n<b><\/b><\/p>\n<p><b>CLIENTES:<\/b><br \/>\nProveer los productos y servicios solicitados a la Empresa<br \/>\nInformar sobre nuevos productos y servicios<br \/>\nEnv\u00edo de cotizaciones, muestras, facturas<br \/>\nConformaci\u00f3n de expediente f\u00edsicos y en los sistemas de informaci\u00f3n<br \/>\nPara llevar a cabo las finalidades descritas en el presente aviso de privacidad, utilizaremos los siguientes datos personales: Nombre, direcci\u00f3n, tel\u00e9fonos, correo electr\u00f3nico, RFC, referencias comerciales, cuentas bancarias. Cabe mencionar que ninguno de los datos anteriores es considerado como dato sensible seg\u00fan la Ley.<br \/>\n<b><\/b><\/p>\n<p><b>PROVEEDORES:<\/b><br \/>\nRealizar expediente como proveedor<br \/>\nSolicitar informaci\u00f3n y cotizaciones de productos<br \/>\nRealizar compra de materia prima y adquisici\u00f3n de servicios<br \/>\nPago de productos y servicios<br \/>\nCorroborar confiabilidad del proveedor<br \/>\nPara llevar a cabo las finalidades descritas en el presente aviso de privacidad, utilizaremos los siguientes datos personales: Nombre, direcci\u00f3n, tel\u00e9fonos, correo electr\u00f3nico, RFC, datos bancarios.\u00a0 Cabe mencionar que ninguno de los datos anteriores es considerado como dato sensible seg\u00fan la Ley.<br \/>\n<b><\/b><\/p>\n<p><b>CANDIDATOS Y EMPLEADOS:<\/b><br \/>\nPara verificar que usted cuenta con los requisitos para desempe\u00f1ar el puesto de trabajo de acuerdo a la descripci\u00f3n de puesto<br \/>\nRealizar evaluaciones e investigaci\u00f3n para la contrataci\u00f3n<br \/>\nOtorgarles prestaciones de seguridad social<br \/>\nEstablecer una relaci\u00f3n laboral y dar cumplimiento a las obligaciones patronales<br \/>\nPara llevar a cabo las finalidades descritas en el presente aviso de privacidad, utilizaremos los siguientes datos personales: Nombre, direcci\u00f3n, tel\u00e9fonos, correo electr\u00f3nico, CURP, acta de nacimiento, comprobante de domicilio, copia de IFE, n\u00famero de seguro social, datos bancarios, comprobante de estudios.\u00a0 Cabe mencionar que ninguno de los datos anteriores es considerado como dato sensible seg\u00fan la Ley.<br \/>\nSalvo por las excepciones establecidas en el art\u00edculo 37 de la Ley, as\u00ed como en los casos en los que expresamente as\u00ed lo autorice, sus datos personales no ser\u00e1n transferidos.<br \/>\n<b><br \/>\nDERECHOS ARCO:<\/b><br \/>\nUsted tiene derecho a conocer qu\u00e9 datos personales tenemos de usted, para qu\u00e9 los utilizamos y las condiciones del uso que les damos (Acceso). As\u00ed mismo, es su derecho solicitar la correcci\u00f3n de su informaci\u00f3n personal en caso de que est\u00e9 desactualizada, sea inexacta o incompleta (Rectificaci\u00f3n); que la eliminemos de nuestros registros o bases de datos cuando considere que la misma no est\u00e1 siendo utilizada conforme a los principios, deberes y obligaciones previstas en la normativa (Cancelaci\u00f3n); as\u00ed como oponerse al uso de sus datos personales para fines espec\u00edficos (Oposici\u00f3n). Estos derechos se conocen como derechos ARCO.<br \/>\nPara el ejercicio de cualquiera de los derechos ARCO, usted deber\u00e1 presentar la solicitud respectiva\u00a0 al correo recursosh@mexicanadeaditivos.com.mx o comunicarse al tel\u00e9fono 55773391 o bien presentarse en el domicilio de la Empresa.<br \/>\nMexicana de Aditivos se reserva el derecho de realizar ajustes o actualizaciones al presente aviso de privacidad conforme a lo permitido por la Ley. Estas modificaciones estar\u00e1n disponibles al p\u00fablico a trav\u00e9s de nuestra p\u00e1gina de internet www.mexicanadeaditivos.com.mx.<br \/>\n\u00daltima actualizaci\u00f3n: 27 de Mayo del 2015<\/p>\n","protected":false},"excerpt":{"rendered":"<p>Mexicana de Aditivos Alimenticios\u00a0S.A. de C.V., en lo sucesivo Mexicana de Aditivos (\u00abla empresa\u00bb), con domicilio en Temaca 6233, Colonia Arag\u00f3n Inguar\u00e1n, delegaci\u00f3n Gustavo A. Madero, M\u00e9xico, D.F., C.P. 07820,&hellip;<\/p>\n","protected":false},"author":1,"featured_media":0,"parent":0,"menu_order":0,"comment_status":"closed","ping_status":"closed","template":"","meta":{"spay_email":"","footnotes":""},"class_list":["post-23","page","type-page","status-publish","hentry"],"yoast_head":"<!-- This site is optimized with the Yoast SEO plugin v18.3 - https:\/\/yoast.com\/wordpress\/plugins\/seo\/ -->\n<title>Aviso de Privacidad -<\/title>\n<meta name=\"robots\" content=\"index, follow, max-snippet:-1, max-image-preview:large, max-video-preview:-1\" \/>\n<link rel=\"canonical\" href=\"https:\/\/www.mexicanadeaditivos.com.mx\/index.php\/aviso-privacidad\/\" \/>\n<meta property=\"og:locale\" content=\"es_ES\" \/>\n<meta property=\"og:type\" content=\"article\" \/>\n<meta property=\"og:title\" content=\"Aviso de Privacidad -\" \/>\n<meta property=\"og:description\" content=\"Mexicana de Aditivos Alimenticios\u00a0S.A. de C.V., en lo sucesivo Mexicana de Aditivos (\u00abla empresa\u00bb), con domicilio en Temaca 6233, Colonia Arag\u00f3n Inguar\u00e1n, delegaci\u00f3n Gustavo A. Madero, M\u00e9xico, D.F., C.P. 07820,&hellip;\" \/>\n<meta property=\"og:url\" content=\"https:\/\/www.mexicanadeaditivos.com.mx\/index.php\/aviso-privacidad\/\" \/>\n<meta property=\"article:modified_time\" content=\"2021-07-22T15:07:03+00:00\" \/>\n<meta name=\"twitter:card\" content=\"summary_large_image\" \/>\n<meta name=\"twitter:label1\" content=\"Tiempo de lectura\" \/>\n\t<meta name=\"twitter:data1\" content=\"3 minutos\" \/>\n<script type=\"application\/ld+json\" class=\"yoast-schema-graph\">{\"@context\":\"https:\/\/schema.org\",\"@graph\":[{\"@type\":\"Organization\",\"@id\":\"https:\/\/www.mexicanadeaditivos.com.mx\/#organization\",\"name\":\"Mexicana de Aditivos\",\"url\":\"https:\/\/www.mexicanadeaditivos.com.mx\/\",\"sameAs\":[],\"logo\":{\"@type\":\"ImageObject\",\"@id\":\"https:\/\/www.mexicanadeaditivos.com.mx\/#logo\",\"inLanguage\":\"es\",\"url\":\"https:\/\/i0.wp.com\/mexicanadeaditivos.com.mx\/wp-content\/uploads\/2021\/05\/logo-MAA-recorte.png?fit=2714%2C511&ssl=1\",\"contentUrl\":\"https:\/\/i0.wp.com\/mexicanadeaditivos.com.mx\/wp-content\/uploads\/2021\/05\/logo-MAA-recorte.png?fit=2714%2C511&ssl=1\",\"width\":2714,\"height\":511,\"caption\":\"Mexicana de Aditivos\"},\"image\":{\"@id\":\"https:\/\/www.mexicanadeaditivos.com.mx\/#logo\"}},{\"@type\":\"WebSite\",\"@id\":\"https:\/\/www.mexicanadeaditivos.com.mx\/#website\",\"url\":\"https:\/\/www.mexicanadeaditivos.com.mx\/\",\"name\":\"\",\"description\":\"\",\"publisher\":{\"@id\":\"https:\/\/www.mexicanadeaditivos.com.mx\/#organization\"},\"potentialAction\":[{\"@type\":\"SearchAction\",\"target\":{\"@type\":\"EntryPoint\",\"urlTemplate\":\"https:\/\/www.mexicanadeaditivos.com.mx\/?s={search_term_string}\"},\"query-input\":\"required name=search_term_string\"}],\"inLanguage\":\"es\"},{\"@type\":\"WebPage\",\"@id\":\"https:\/\/www.mexicanadeaditivos.com.mx\/index.php\/aviso-privacidad\/#webpage\",\"url\":\"https:\/\/www.mexicanadeaditivos.com.mx\/index.php\/aviso-privacidad\/\",\"name\":\"Aviso de Privacidad -\",\"isPartOf\":{\"@id\":\"https:\/\/www.mexicanadeaditivos.com.mx\/#website\"},\"datePublished\":\"2021-05-26T18:52:35+00:00\",\"dateModified\":\"2021-07-22T15:07:03+00:00\",\"breadcrumb\":{\"@id\":\"https:\/\/www.mexicanadeaditivos.com.mx\/index.php\/aviso-privacidad\/#breadcrumb\"},\"inLanguage\":\"es\",\"potentialAction\":[{\"@type\":\"ReadAction\",\"target\":[\"https:\/\/www.mexicanadeaditivos.com.mx\/index.php\/aviso-privacidad\/\"]}]},{\"@type\":\"BreadcrumbList\",\"@id\":\"https:\/\/www.mexicanadeaditivos.com.mx\/index.php\/aviso-privacidad\/#breadcrumb\",\"itemListElement\":[{\"@type\":\"ListItem\",\"position\":1,\"name\":\"Portada\",\"item\":\"https:\/\/www.mexicanadeaditivos.com.mx\/\"},{\"@type\":\"ListItem\",\"position\":2,\"name\":\"Aviso de Privacidad\"}]}]}<\/script>\n<!-- \/ Yoast SEO plugin. -->","yoast_head_json":{"title":"Aviso de Privacidad -","robots":{"index":"index","follow":"follow","max-snippet":"max-snippet:-1","max-image-preview":"max-image-preview:large","max-video-preview":"max-video-preview:-1"},"canonical":"https:\/\/www.mexicanadeaditivos.com.mx\/index.php\/aviso-privacidad\/","og_locale":"es_ES","og_type":"article","og_title":"Aviso de Privacidad -","og_description":"Mexicana de Aditivos Alimenticios\u00a0S.A. de C.V., en lo sucesivo Mexicana de Aditivos (\u00abla empresa\u00bb), con domicilio en Temaca 6233, Colonia Arag\u00f3n Inguar\u00e1n, delegaci\u00f3n Gustavo A. Madero, M\u00e9xico, D.F., C.P. 07820,&hellip;","og_url":"https:\/\/www.mexicanadeaditivos.com.mx\/index.php\/aviso-privacidad\/","article_modified_time":"2021-07-22T15:07:03+00:00","twitter_card":"summary_large_image","twitter_misc":{"Tiempo de lectura":"3 minutos"},"schema":{"@context":"https:\/\/schema.org","@graph":[{"@type":"Organization","@id":"https:\/\/www.mexicanadeaditivos.com.mx\/#organization","name":"Mexicana de Aditivos","url":"https:\/\/www.mexicanadeaditivos.com.mx\/","sameAs":[],"logo":{"@type":"ImageObject","@id":"https:\/\/www.mexicanadeaditivos.com.mx\/#logo","inLanguage":"es","url":"https:\/\/i0.wp.com\/mexicanadeaditivos.com.mx\/wp-content\/uploads\/2021\/05\/logo-MAA-recorte.png?fit=2714%2C511&ssl=1","contentUrl":"https:\/\/i0.wp.com\/mexicanadeaditivos.com.mx\/wp-content\/uploads\/2021\/05\/logo-MAA-recorte.png?fit=2714%2C511&ssl=1","width":2714,"height":511,"caption":"Mexicana de Aditivos"},"image":{"@id":"https:\/\/www.mexicanadeaditivos.com.mx\/#logo"}},{"@type":"WebSite","@id":"https:\/\/www.mexicanadeaditivos.com.mx\/#website","url":"https:\/\/www.mexicanadeaditivos.com.mx\/","name":"","description":"","publisher":{"@id":"https:\/\/www.mexicanadeaditivos.com.mx\/#organization"},"potentialAction":[{"@type":"SearchAction","target":{"@type":"EntryPoint","urlTemplate":"https:\/\/www.mexicanadeaditivos.com.mx\/?s={search_term_string}"},"query-input":"required name=search_term_string"}],"inLanguage":"es"},{"@type":"WebPage","@id":"https:\/\/www.mexicanadeaditivos.com.mx\/index.php\/aviso-privacidad\/#webpage","url":"https:\/\/www.mexicanadeaditivos.com.mx\/index.php\/aviso-privacidad\/","name":"Aviso de Privacidad -","isPartOf":{"@id":"https:\/\/www.mexicanadeaditivos.com.mx\/#website"},"datePublished":"2021-05-26T18:52:35+00:00","dateModified":"2021-07-22T15:07:03+00:00","breadcrumb":{"@id":"https:\/\/www.mexicanadeaditivos.com.mx\/index.php\/aviso-privacidad\/#breadcrumb"},"inLanguage":"es","potentialAction":[{"@type":"ReadAction","target":["https:\/\/www.mexicanadeaditivos.com.mx\/index.php\/aviso-privacidad\/"]}]},{"@type":"BreadcrumbList","@id":"https:\/\/www.mexicanadeaditivos.com.mx\/index.php\/aviso-privacidad\/#breadcrumb","itemListElement":[{"@type":"ListItem","position":1,"name":"Portada","item":"https:\/\/www.mexicanadeaditivos.com.mx\/"},{"@type":"ListItem","position":2,"name":"Aviso de Privacidad"}]}]}},"_links":{"self":[{"href":"https:\/\/www.mexicanadeaditivos.com.mx\/index.php\/wp-json\/wp\/v2\/pages\/23","targetHints":{"allow":["GET"]}}],"collection":[{"href":"https:\/\/www.mexicanadeaditivos.com.mx\/index.php\/wp-json\/wp\/v2\/pages"}],"about":[{"href":"https:\/\/www.mexicanadeaditivos.com.mx\/index.php\/wp-json\/wp\/v2\/types\/page"}],"author":[{"embeddable":true,"href":"https:\/\/www.mexicanadeaditivos.com.mx\/index.php\/wp-json\/wp\/v2\/users\/1"}],"replies":[{"embeddable":true,"href":"https:\/\/www.mexicanadeaditivos.com.mx\/index.php\/wp-json\/wp\/v2\/comments?post=23"}],"version-history":[{"count":9,"href":"https:\/\/www.mexicanadeaditivos.com.mx\/index.php\/wp-json\/wp\/v2\/pages\/23\/revisions"}],"predecessor-version":[{"id":542,"href":"https:\/\/www.mexicanadeaditivos.com.mx\/index.php\/wp-json\/wp\/v2\/pages\/23\/revisions\/542"}],"wp:attachment":[{"href":"https:\/\/www.mexicanadeaditivos.com.mx\/index.php\/wp-json\/wp\/v2\/media?parent=23"}],"curies":[{"name":"wp","href":"https:\/\/api.w.org\/{rel}","templated":true}]}}